{"id":2601,"date":"2026-01-14T10:46:33","date_gmt":"2026-01-14T07:46:33","guid":{"rendered":"https:\/\/pharmatida.com.tr\/?page_id=2601"},"modified":"2026-04-24T18:30:13","modified_gmt":"2026-04-24T15:30:13","slug":"sikca-sorulan-sorular","status":"publish","type":"page","link":"https:\/\/pharmatida.com.tr\/tr\/sikca-sorulan-sorular\/","title":{"rendered":"S\u0131k\u00e7a Sorulan Sorular"},"content":{"rendered":"\t\t<div data-elementor-type=\"wp-page\" data-elementor-id=\"2601\" class=\"elementor elementor-2601\" data-elementor-post-type=\"page\">\n\t\t\t\t<div class=\"elementor-element elementor-element-14c8a08 e-flex e-con-boxed e-con e-parent\" data-id=\"14c8a08\" data-element_type=\"container\">\n\t\t\t\t\t<div class=\"e-con-inner\">\n\t\t\t\t<div class=\"elementor-element elementor-element-3ed406e elementor-widget elementor-widget-n-accordion\" data-id=\"3ed406e\" data-element_type=\"widget\" data-settings=\"{&quot;default_state&quot;:&quot;all_collapsed&quot;,&quot;max_items_expended&quot;:&quot;multiple&quot;,&quot;n_accordion_animation_duration&quot;:{&quot;unit&quot;:&quot;ms&quot;,&quot;size&quot;:300,&quot;sizes&quot;:[]}}\" data-widget_type=\"nested-accordion.default\">\n\t\t\t\t\t\t\t<div class=\"e-n-accordion\" aria-label=\"Accordion. Open links with Enter or Space, close with Escape, and navigate with Arrow Keys\">\n\t\t\t\t\t\t<details id=\"e-n-accordion-item-6580\" class=\"e-n-accordion-item\" >\n\t\t\t\t<summary class=\"e-n-accordion-item-title\" data-accordion-index=\"1\" tabindex=\"0\" aria-expanded=\"false\" aria-controls=\"e-n-accordion-item-6580\" >\n\t\t\t\t\t<span class='e-n-accordion-item-title-header'><div class=\"e-n-accordion-item-title-text\"> 1-Sipari\u015f vermek i\u00e7in \u00fcye olmak zorunlu mu? <\/div><\/span>\n\t\t\t\t\t\t\t<span class='e-n-accordion-item-title-icon'>\n\t\t\t<span class='e-opened' ><svg aria-hidden=\"true\" class=\"e-font-icon-svg e-fas-minus\" viewBox=\"0 0 448 512\" xmlns=\"http:\/\/www.w3.org\/2000\/svg\"><path d=\"M416 208H32c-17.67 0-32 14.33-32 32v32c0 17.67 14.33 32 32 32h384c17.67 0 32-14.33 32-32v-32c0-17.67-14.33-32-32-32z\"><\/path><\/svg><\/span>\n\t\t\t<span class='e-closed'><svg aria-hidden=\"true\" class=\"e-font-icon-svg e-fas-plus\" viewBox=\"0 0 448 512\" xmlns=\"http:\/\/www.w3.org\/2000\/svg\"><path d=\"M416 208H272V64c0-17.67-14.33-32-32-32h-32c-17.67 0-32 14.33-32 32v144H32c-17.67 0-32 14.33-32 32v32c0 17.67 14.33 32 32 32h144v144c0 17.67 14.33 32 32 32h32c17.67 0 32-14.33 32-32V304h144c17.67 0 32-14.33 32-32v-32c0-17.67-14.33-32-32-32z\"><\/path><\/svg><\/span>\n\t\t<\/span>\n\n\t\t\t\t\t\t<\/summary>\n\t\t\t\t<div role=\"region\" aria-labelledby=\"e-n-accordion-item-6580\" class=\"elementor-element elementor-element-92b3cb7 e-con-full e-flex e-con e-child\" data-id=\"92b3cb7\" data-element_type=\"container\" data-settings=\"{&quot;background_background&quot;:&quot;classic&quot;}\">\n\t\t\t\t<div class=\"elementor-element elementor-element-36dc413 elementor-widget elementor-widget-text-editor\" data-id=\"36dc413\" data-element_type=\"widget\" data-widget_type=\"text-editor.default\">\n\t\t\t\t\t\t\t\t\t<p>Evet, sipari\u015f verebilmek i\u00e7in \u00fcye olmak zorunludur.<\/p>\t\t\t\t\t\t\t\t<\/div>\n\t\t\t\t<\/div>\n\t\t\t\t\t<\/details>\n\t\t\t\t\t\t<details id=\"e-n-accordion-item-6581\" class=\"e-n-accordion-item\" >\n\t\t\t\t<summary class=\"e-n-accordion-item-title\" data-accordion-index=\"2\" tabindex=\"-1\" aria-expanded=\"false\" aria-controls=\"e-n-accordion-item-6581\" >\n\t\t\t\t\t<span class='e-n-accordion-item-title-header'><div class=\"e-n-accordion-item-title-text\"> 2-Kap\u0131da \u00f6deme yapabilir miyim? <\/div><\/span>\n\t\t\t\t\t\t\t<span class='e-n-accordion-item-title-icon'>\n\t\t\t<span class='e-opened' ><svg aria-hidden=\"true\" class=\"e-font-icon-svg e-fas-minus\" viewBox=\"0 0 448 512\" xmlns=\"http:\/\/www.w3.org\/2000\/svg\"><path d=\"M416 208H32c-17.67 0-32 14.33-32 32v32c0 17.67 14.33 32 32 32h384c17.67 0 32-14.33 32-32v-32c0-17.67-14.33-32-32-32z\"><\/path><\/svg><\/span>\n\t\t\t<span class='e-closed'><svg aria-hidden=\"true\" class=\"e-font-icon-svg e-fas-plus\" viewBox=\"0 0 448 512\" xmlns=\"http:\/\/www.w3.org\/2000\/svg\"><path d=\"M416 208H272V64c0-17.67-14.33-32-32-32h-32c-17.67 0-32 14.33-32 32v144H32c-17.67 0-32 14.33-32 32v32c0 17.67 14.33 32 32 32h144v144c0 17.67 14.33 32 32 32h32c17.67 0 32-14.33 32-32V304h144c17.67 0 32-14.33 32-32v-32c0-17.67-14.33-32-32-32z\"><\/path><\/svg><\/span>\n\t\t<\/span>\n\n\t\t\t\t\t\t<\/summary>\n\t\t\t\t<div role=\"region\" aria-labelledby=\"e-n-accordion-item-6581\" class=\"elementor-element elementor-element-71eee43 e-con-full e-flex e-con e-child\" data-id=\"71eee43\" data-element_type=\"container\" data-settings=\"{&quot;background_background&quot;:&quot;classic&quot;}\">\n\t\t\t\t<div class=\"elementor-element elementor-element-5c1674c elementor-widget elementor-widget-text-editor\" data-id=\"5c1674c\" data-element_type=\"widget\" data-widget_type=\"text-editor.default\">\n\t\t\t\t\t\t\t\t\t<p>Evet, sipari\u015f verebilmek i\u00e7in \u00fcye olmak zorunludur.<\/p>\t\t\t\t\t\t\t\t<\/div>\n\t\t\t\t<\/div>\n\t\t\t\t\t<\/details>\n\t\t\t\t\t\t<details id=\"e-n-accordion-item-6582\" class=\"e-n-accordion-item\" >\n\t\t\t\t<summary class=\"e-n-accordion-item-title\" data-accordion-index=\"3\" tabindex=\"-1\" aria-expanded=\"false\" aria-controls=\"e-n-accordion-item-6582\" >\n\t\t\t\t\t<span class='e-n-accordion-item-title-header'><div class=\"e-n-accordion-item-title-text\"> 3-Sipari\u015f iptalim onayland\u0131 fakat \u00fccret iadesi hen\u00fcz taraf\u0131ma ge\u00e7medi. Ne yapabilirim? <\/div><\/span>\n\t\t\t\t\t\t\t<span class='e-n-accordion-item-title-icon'>\n\t\t\t<span class='e-opened' ><svg aria-hidden=\"true\" class=\"e-font-icon-svg e-fas-minus\" viewBox=\"0 0 448 512\" xmlns=\"http:\/\/www.w3.org\/2000\/svg\"><path d=\"M416 208H32c-17.67 0-32 14.33-32 32v32c0 17.67 14.33 32 32 32h384c17.67 0 32-14.33 32-32v-32c0-17.67-14.33-32-32-32z\"><\/path><\/svg><\/span>\n\t\t\t<span class='e-closed'><svg aria-hidden=\"true\" class=\"e-font-icon-svg e-fas-plus\" viewBox=\"0 0 448 512\" xmlns=\"http:\/\/www.w3.org\/2000\/svg\"><path d=\"M416 208H272V64c0-17.67-14.33-32-32-32h-32c-17.67 0-32 14.33-32 32v144H32c-17.67 0-32 14.33-32 32v32c0 17.67 14.33 32 32 32h144v144c0 17.67 14.33 32 32 32h32c17.67 0 32-14.33 32-32V304h144c17.67 0 32-14.33 32-32v-32c0-17.67-14.33-32-32-32z\"><\/path><\/svg><\/span>\n\t\t<\/span>\n\n\t\t\t\t\t\t<\/summary>\n\t\t\t\t<div role=\"region\" aria-labelledby=\"e-n-accordion-item-6582\" class=\"elementor-element elementor-element-50869ff e-con-full e-flex e-con e-child\" data-id=\"50869ff\" data-element_type=\"container\" data-settings=\"{&quot;background_background&quot;:&quot;classic&quot;}\">\n\t\t\t\t<div class=\"elementor-element elementor-element-4318728 elementor-widget elementor-widget-text-editor\" data-id=\"4318728\" data-element_type=\"widget\" data-widget_type=\"text-editor.default\">\n\t\t\t\t\t\t\t\t\t<p>Evet, sipari\u015f verebilmek i\u00e7in \u00fcye olmak zorunludur.<\/p>\t\t\t\t\t\t\t\t<\/div>\n\t\t\t\t<\/div>\n\t\t\t\t\t<\/details>\n\t\t\t\t\t<\/div>\n\t\t\t\t\t\t<\/div>\n\t\t\t\t\t<\/div>\n\t\t\t\t<\/div>\n\t\t\t\t<\/div>\n\t\t","protected":false},"excerpt":{"rendered":"<p>1-Sipari\u015f vermek i\u00e7in \u00fcye olmak zorunlu mu? Evet, sipari\u015f verebilmek i\u00e7in \u00fcye olmak zorunludur. 2-Kap\u0131da \u00f6deme yapabilir miyim? Evet, sipari\u015f [&hellip;]<\/p>\n","protected":false},"author":1,"featured_media":0,"parent":0,"menu_order":0,"comment_status":"closed","ping_status":"closed","template":"","meta":{"postBodyCss":"","postBodyMargin":[],"postBodyPadding":[],"postBodyBackground":{"backgroundType":"classic","gradient":""},"site-sidebar-layout":"no-sidebar","site-content-layout":"","ast-site-content-layout":"full-width-container","site-content-style":"default","site-sidebar-style":"default","ast-global-header-display":"","ast-banner-title-visibility":"","ast-main-header-display":"","ast-hfb-above-header-display":"","ast-hfb-below-header-display":"","ast-hfb-mobile-header-display":"","site-post-title":"disabled","ast-breadcrumbs-content":"","ast-featured-img":"disabled","footer-sml-layout":"","ast-disable-related-posts":"","theme-transparent-header-meta":"","adv-header-id-meta":"","stick-header-meta":"","header-above-stick-meta":"","header-main-stick-meta":"","header-below-stick-meta":"","astra-migrate-meta-layouts":"default","ast-page-background-enabled":"default","ast-page-background-meta":{"desktop":{"background-color":"var(--ast-global-color-5)","background-image":"","background-repeat":"repeat","background-position":"center center","background-size":"auto","background-attachment":"scroll","background-type":"","background-media":"","overlay-type":"","overlay-color":"","overlay-opacity":"","overlay-gradient":""},"tablet":{"background-color":"","background-image":"","background-repeat":"repeat","background-position":"center center","background-size":"auto","background-attachment":"scroll","background-type":"","background-media":"","overlay-type":"","overlay-color":"","overlay-opacity":"","overlay-gradient":""},"mobile":{"background-color":"","background-image":"","background-repeat":"repeat","background-position":"center center","background-size":"auto","background-attachment":"scroll","background-type":"","background-media":"","overlay-type":"","overlay-color":"","overlay-opacity":"","overlay-gradient":""}},"ast-content-background-meta":{"desktop":{"background-color":"var(--ast-global-color-4)","background-image":"","background-repeat":"repeat","background-position":"center center","background-size":"auto","background-attachment":"scroll","background-type":"","background-media":"","overlay-type":"","overlay-color":"","overlay-opacity":"","overlay-gradient":""},"tablet":{"background-color":"var(--ast-global-color-4)","background-image":"","background-repeat":"repeat","background-position":"center center","background-size":"auto","background-attachment":"scroll","background-type":"","background-media":"","overlay-type":"","overlay-color":"","overlay-opacity":"","overlay-gradient":""},"mobile":{"background-color":"var(--ast-global-color-4)","background-image":"","background-repeat":"repeat","background-position":"center center","background-size":"auto","background-attachment":"scroll","background-type":"","background-media":"","overlay-type":"","overlay-color":"","overlay-opacity":"","overlay-gradient":""}},"footnotes":""},"class_list":["post-2601","page","type-page","status-publish","hentry"],"yoast_head":"<!-- This site is optimized with the Yoast SEO plugin v26.6 - https:\/\/yoast.com\/wordpress\/plugins\/seo\/ -->\n<title>S\u0131k\u00e7a Sorulan Sorular - Pharmatida S\u0131k\u00e7a Sorulan Sorular<\/title>\n<meta name=\"description\" content=\"Sipari\u015f, \u00f6deme, iade ve \u00fcyelikle ilgili s\u0131k\u00e7a sorulan sorular\u0131n yan\u0131tlar\u0131n\u0131 Pharmatida SSS sayfas\u0131nda bulabilirsiniz.\" \/>\n<meta name=\"robots\" content=\"index, follow, max-snippet:-1, max-image-preview:large, max-video-preview:-1\" \/>\n<link rel=\"canonical\" href=\"https:\/\/pharmatida.com.tr\/tr\/sikca-sorulan-sorular\/\" \/>\n<meta property=\"og:locale\" content=\"tr_TR\" \/>\n<meta property=\"og:type\" content=\"article\" \/>\n<meta property=\"og:title\" content=\"S\u0131k\u00e7a Sorulan Sorular - Pharmatida S\u0131k\u00e7a Sorulan Sorular\" \/>\n<meta property=\"og:description\" content=\"Sipari\u015f, \u00f6deme, iade ve \u00fcyelikle ilgili s\u0131k\u00e7a sorulan sorular\u0131n yan\u0131tlar\u0131n\u0131 Pharmatida SSS sayfas\u0131nda bulabilirsiniz.\" \/>\n<meta property=\"og:url\" content=\"https:\/\/pharmatida.com.tr\/tr\/sikca-sorulan-sorular\/\" \/>\n<meta property=\"og:site_name\" content=\"Pharmatida\" \/>\n<meta property=\"article:modified_time\" content=\"2026-04-24T15:30:13+00:00\" \/>\n<meta name=\"twitter:card\" content=\"summary_large_image\" \/>\n<meta name=\"twitter:label1\" content=\"Tahmini okuma s\u00fcresi\" \/>\n\t<meta name=\"twitter:data1\" content=\"1 dakika\" \/>\n<script type=\"application\/ld+json\" class=\"yoast-schema-graph\">{\"@context\":\"https:\/\/schema.org\",\"@graph\":[{\"@type\":\"WebPage\",\"@id\":\"https:\/\/pharmatida.com.tr\/sikca-sorulan-sorular\/\",\"url\":\"https:\/\/pharmatida.com.tr\/sikca-sorulan-sorular\/\",\"name\":\"S\u0131k\u00e7a Sorulan Sorular - Pharmatida S\u0131k\u00e7a Sorulan Sorular\",\"isPartOf\":{\"@id\":\"https:\/\/pharmatida.com.tr\/tr\/#website\"},\"datePublished\":\"2026-01-14T07:46:33+00:00\",\"dateModified\":\"2026-04-24T15:30:13+00:00\",\"description\":\"Sipari\u015f, \u00f6deme, iade ve \u00fcyelikle ilgili s\u0131k\u00e7a sorulan sorular\u0131n yan\u0131tlar\u0131n\u0131 Pharmatida SSS sayfas\u0131nda bulabilirsiniz.\",\"breadcrumb\":{\"@id\":\"https:\/\/pharmatida.com.tr\/sikca-sorulan-sorular\/#breadcrumb\"},\"inLanguage\":\"tr\",\"potentialAction\":[{\"@type\":\"ReadAction\",\"target\":[\"https:\/\/pharmatida.com.tr\/sikca-sorulan-sorular\/\"]}]},{\"@type\":\"BreadcrumbList\",\"@id\":\"https:\/\/pharmatida.com.tr\/sikca-sorulan-sorular\/#breadcrumb\",\"itemListElement\":[{\"@type\":\"ListItem\",\"position\":1,\"name\":\"Ana Sayfa\",\"item\":\"https:\/\/pharmatida.com.tr\/tr\/\"},{\"@type\":\"ListItem\",\"position\":2,\"name\":\"S\u0131k\u00e7a Sorulan Sorular\"}]},{\"@type\":\"WebSite\",\"@id\":\"https:\/\/pharmatida.com.tr\/tr\/#website\",\"url\":\"https:\/\/pharmatida.com.tr\/tr\/\",\"name\":\"Pharmatida\",\"description\":\"\",\"publisher\":{\"@id\":\"https:\/\/pharmatida.com.tr\/tr\/#organization\"},\"potentialAction\":[{\"@type\":\"SearchAction\",\"target\":{\"@type\":\"EntryPoint\",\"urlTemplate\":\"https:\/\/pharmatida.com.tr\/tr\/?s={search_term_string}\"},\"query-input\":{\"@type\":\"PropertyValueSpecification\",\"valueRequired\":true,\"valueName\":\"search_term_string\"}}],\"inLanguage\":\"tr\"},{\"@type\":\"Organization\",\"@id\":\"https:\/\/pharmatida.com.tr\/tr\/#organization\",\"name\":\"Pharmatida\",\"url\":\"https:\/\/pharmatida.com.tr\/tr\/\",\"logo\":{\"@type\":\"ImageObject\",\"inLanguage\":\"tr\",\"@id\":\"https:\/\/pharmatida.com.tr\/tr\/#\/schema\/logo\/image\/\",\"url\":\"https:\/\/pharmatida.com.tr\/wp-content\/uploads\/2025\/12\/pharmatida-koyu-lacivert-SON-HALI-YAN-LOGO-2.pdf-Photoroom-1.webp\",\"contentUrl\":\"https:\/\/pharmatida.com.tr\/wp-content\/uploads\/2025\/12\/pharmatida-koyu-lacivert-SON-HALI-YAN-LOGO-2.pdf-Photoroom-1.webp\",\"width\":300,\"height\":78,\"caption\":\"Pharmatida\"},\"image\":{\"@id\":\"https:\/\/pharmatida.com.tr\/tr\/#\/schema\/logo\/image\/\"}}]}<\/script>\n<!-- \/ Yoast SEO plugin. -->","yoast_head_json":{"title":"S\u0131k\u00e7a Sorulan Sorular - Pharmatida S\u0131k\u00e7a Sorulan Sorular","description":"Sipari\u015f, \u00f6deme, iade ve \u00fcyelikle ilgili s\u0131k\u00e7a sorulan sorular\u0131n yan\u0131tlar\u0131n\u0131 Pharmatida SSS sayfas\u0131nda bulabilirsiniz.","robots":{"index":"index","follow":"follow","max-snippet":"max-snippet:-1","max-image-preview":"max-image-preview:large","max-video-preview":"max-video-preview:-1"},"canonical":"https:\/\/pharmatida.com.tr\/tr\/sikca-sorulan-sorular\/","og_locale":"tr_TR","og_type":"article","og_title":"S\u0131k\u00e7a Sorulan Sorular - Pharmatida S\u0131k\u00e7a Sorulan Sorular","og_description":"Sipari\u015f, \u00f6deme, iade ve \u00fcyelikle ilgili s\u0131k\u00e7a sorulan sorular\u0131n yan\u0131tlar\u0131n\u0131 Pharmatida SSS sayfas\u0131nda bulabilirsiniz.","og_url":"https:\/\/pharmatida.com.tr\/tr\/sikca-sorulan-sorular\/","og_site_name":"Pharmatida","article_modified_time":"2026-04-24T15:30:13+00:00","twitter_card":"summary_large_image","twitter_misc":{"Tahmini okuma s\u00fcresi":"1 dakika"},"schema":{"@context":"https:\/\/schema.org","@graph":[{"@type":"WebPage","@id":"https:\/\/pharmatida.com.tr\/sikca-sorulan-sorular\/","url":"https:\/\/pharmatida.com.tr\/sikca-sorulan-sorular\/","name":"S\u0131k\u00e7a Sorulan Sorular - Pharmatida S\u0131k\u00e7a Sorulan Sorular","isPartOf":{"@id":"https:\/\/pharmatida.com.tr\/tr\/#website"},"datePublished":"2026-01-14T07:46:33+00:00","dateModified":"2026-04-24T15:30:13+00:00","description":"Sipari\u015f, \u00f6deme, iade ve \u00fcyelikle ilgili s\u0131k\u00e7a sorulan sorular\u0131n yan\u0131tlar\u0131n\u0131 Pharmatida SSS sayfas\u0131nda bulabilirsiniz.","breadcrumb":{"@id":"https:\/\/pharmatida.com.tr\/sikca-sorulan-sorular\/#breadcrumb"},"inLanguage":"tr","potentialAction":[{"@type":"ReadAction","target":["https:\/\/pharmatida.com.tr\/sikca-sorulan-sorular\/"]}]},{"@type":"BreadcrumbList","@id":"https:\/\/pharmatida.com.tr\/sikca-sorulan-sorular\/#breadcrumb","itemListElement":[{"@type":"ListItem","position":1,"name":"Ana Sayfa","item":"https:\/\/pharmatida.com.tr\/tr\/"},{"@type":"ListItem","position":2,"name":"S\u0131k\u00e7a Sorulan Sorular"}]},{"@type":"WebSite","@id":"https:\/\/pharmatida.com.tr\/tr\/#website","url":"https:\/\/pharmatida.com.tr\/tr\/","name":"Pharmatida","description":"","publisher":{"@id":"https:\/\/pharmatida.com.tr\/tr\/#organization"},"potentialAction":[{"@type":"SearchAction","target":{"@type":"EntryPoint","urlTemplate":"https:\/\/pharmatida.com.tr\/tr\/?s={search_term_string}"},"query-input":{"@type":"PropertyValueSpecification","valueRequired":true,"valueName":"search_term_string"}}],"inLanguage":"tr"},{"@type":"Organization","@id":"https:\/\/pharmatida.com.tr\/tr\/#organization","name":"Pharmatida","url":"https:\/\/pharmatida.com.tr\/tr\/","logo":{"@type":"ImageObject","inLanguage":"tr","@id":"https:\/\/pharmatida.com.tr\/tr\/#\/schema\/logo\/image\/","url":"https:\/\/pharmatida.com.tr\/wp-content\/uploads\/2025\/12\/pharmatida-koyu-lacivert-SON-HALI-YAN-LOGO-2.pdf-Photoroom-1.webp","contentUrl":"https:\/\/pharmatida.com.tr\/wp-content\/uploads\/2025\/12\/pharmatida-koyu-lacivert-SON-HALI-YAN-LOGO-2.pdf-Photoroom-1.webp","width":300,"height":78,"caption":"Pharmatida"},"image":{"@id":"https:\/\/pharmatida.com.tr\/tr\/#\/schema\/logo\/image\/"}}]}},"_links":{"self":[{"href":"https:\/\/pharmatida.com.tr\/tr\/wp-json\/wp\/v2\/pages\/2601","targetHints":{"allow":["GET"]}}],"collection":[{"href":"https:\/\/pharmatida.com.tr\/tr\/wp-json\/wp\/v2\/pages"}],"about":[{"href":"https:\/\/pharmatida.com.tr\/tr\/wp-json\/wp\/v2\/types\/page"}],"author":[{"embeddable":true,"href":"https:\/\/pharmatida.com.tr\/tr\/wp-json\/wp\/v2\/users\/1"}],"replies":[{"embeddable":true,"href":"https:\/\/pharmatida.com.tr\/tr\/wp-json\/wp\/v2\/comments?post=2601"}],"version-history":[{"count":77,"href":"https:\/\/pharmatida.com.tr\/tr\/wp-json\/wp\/v2\/pages\/2601\/revisions"}],"predecessor-version":[{"id":3965,"href":"https:\/\/pharmatida.com.tr\/tr\/wp-json\/wp\/v2\/pages\/2601\/revisions\/3965"}],"wp:attachment":[{"href":"https:\/\/pharmatida.com.tr\/tr\/wp-json\/wp\/v2\/media?parent=2601"}],"curies":[{"name":"wp","href":"https:\/\/api.w.org\/{rel}","templated":true}]}}