{"id":2373,"date":"2026-01-13T10:41:18","date_gmt":"2026-01-13T07:41:18","guid":{"rendered":"https:\/\/pharmatida.com.tr\/?page_id=2373"},"modified":"2026-04-27T14:39:25","modified_gmt":"2026-04-27T11:39:25","slug":"mesafeli-satis-sozlesmesi-ve-yasal-bilgilendirme","status":"publish","type":"page","link":"https:\/\/pharmatida.com.tr\/tr\/mesafeli-satis-sozlesmesi-ve-yasal-bilgilendirme\/","title":{"rendered":"Mesafeli Sat\u0131\u015f S\u00f6zle\u015fmesi ve Yasal Bilgilendirme"},"content":{"rendered":"\t\t<div data-elementor-type=\"wp-page\" data-elementor-id=\"2373\" class=\"elementor elementor-2373\" data-elementor-post-type=\"page\">\n\t\t\t\t<div class=\"elementor-element elementor-element-8950cb9 e-flex e-con-boxed e-con e-parent\" data-id=\"8950cb9\" data-element_type=\"container\">\n\t\t\t\t\t<div class=\"e-con-inner\">\n\t\t\t\t<div class=\"elementor-element elementor-element-eabf7bd elementor-widget elementor-widget-heading\" data-id=\"eabf7bd\" data-element_type=\"widget\" data-widget_type=\"heading.default\">\n\t\t\t\t\t<h1 class=\"elementor-heading-title elementor-size-default\">MESAFEL\u0130 SATI\u015e S\u00d6ZLE\u015eMES\u0130<\/h1>\t\t\t\t<\/div>\n\t\t\t\t<div class=\"elementor-element elementor-element-8bca1db elementor-widget elementor-widget-text-editor\" data-id=\"8bca1db\" data-element_type=\"widget\" data-widget_type=\"text-editor.default\">\n\t\t\t\t\t\t\t\t\t<p>Son G\u00fcncelleme: Nisan 2026<\/p><p><strong>1. TARAFLAR<\/strong><\/p><p><strong>SATICI:<\/strong><br \/>Unvan: Pharmatida \u0130la\u00e7 ve Sa\u011fl\u0131k \u00dcr\u00fcnleri Ticaret Sanayi Limited \u015eirketi<br \/>Adres: K\u00f6rfez Mah. Mustafa \u00c7avu\u015f Cad. No:3 \u0130\u00e7 Kap\u0131 No:3 Atakum\/Samsun<br \/>Telefon: +90 362 502 76 55<br \/>E-posta: <strong><a href=\"mailto:info@pharmatida.com.tr\">info@pharmatida.com.tr<\/a><\/strong><\/p><p><strong>ALICI (T\u00dcKET\u0130C\u0130):<\/strong><br \/>Web sitesi \u00fczerinden al\u0131\u015fveri\u015f yapan ger\u00e7ek veya t\u00fczel ki\u015fi.<\/p><p><strong>2. KONU<\/strong><\/p><p>\u0130\u015fbu s\u00f6zle\u015fmenin konusu, ALICI\u2019n\u0131n pharmatida.com.tr \u00fczerinden sat\u0131n ald\u0131\u011f\u0131 \u00fcr\u00fcnlerin sat\u0131\u015f\u0131 ve teslimine ili\u015fkin taraflar\u0131n hak ve y\u00fck\u00fcml\u00fcl\u00fcklerinin belirlenmesidir.<\/p><p><strong>3. S\u00d6ZLE\u015eMEN\u0130N KURULMASI<\/strong><\/p><p>ALICI\u2019n\u0131n web sitesi \u00fczerinden sipari\u015f vermesi ve \u00f6deme i\u015flemini tamamlamas\u0131 ile s\u00f6zle\u015fme kurulmu\u015f say\u0131l\u0131r.<br \/>Sipari\u015fe ili\u015fkin bilgiler ALICI\u2019ya e-posta yoluyla iletilir.<\/p><p><strong>4. F\u0130YAT VE \u00d6DEME<\/strong><\/p><p><strong>4.1.<\/strong> <strong>Fiyat<\/strong><br \/>\u00dcr\u00fcn fiyatlar\u0131 T\u00fcrk Liras\u0131 (TL) cinsindendir ve KDV dahildir. Sipari\u015f onayland\u0131ktan sonra fiyat de\u011fi\u015ftirilemez.<\/p><p><strong>4.2.<\/strong> <strong>\u00d6deme Y\u00f6ntemleri<\/strong><\/p><ul><li><p>Kredi kart\u0131<\/p><\/li><li><p>Banka kart\u0131<\/p><\/li><li><p>Havale\/EFT<\/p><\/li><li><p>iyzico ile \u00f6deme<\/p><\/li><\/ul><p>\u00d6deme i\u015flemleri g\u00fcvenli altyap\u0131 \u00fczerinden ger\u00e7ekle\u015ftirilir ve kart bilgileriniz sistemde saklanmaz.<\/p><p><strong>5. TESL\u0130MAT<\/strong><\/p><ul><li><p>\u00dcr\u00fcnler, ALICI\u2019n\u0131n belirtti\u011fi adrese teslim edilir.<\/p><\/li><li><p>Sipari\u015fler 1-3 i\u015f g\u00fcn\u00fc i\u00e7inde kargoya verilir, yo\u011funluk durumuna g\u00f6re bu s\u00fcre 5 i\u015f g\u00fcn\u00fcne kadar uzayabilir.<\/p><\/li><li><p>Kargo \u00fccreti sipari\u015f s\u0131ras\u0131nda belirtilir.<\/p><\/li><\/ul><p><strong>6. CAYMA HAKKI<\/strong><\/p><p>ALICI, \u00fcr\u00fcn\u00fc teslim ald\u0131\u011f\u0131 tarihten itibaren <strong>14 g\u00fcn i\u00e7erisinde<\/strong> cayma hakk\u0131na sahiptir.<\/p><p><strong>6.1. CAYMA HAKKI \u015eARTLARI<\/strong><\/p><p>Cayma hakk\u0131n\u0131n kullan\u0131labilmesi i\u00e7in:<\/p><ul><li><p>\u00dcr\u00fcn kullan\u0131lmam\u0131\u015f olmal\u0131d\u0131r<\/p><\/li><li><p>Orijinal ambalaj\u0131 bozulmam\u0131\u015f olmal\u0131d\u0131r<\/p><\/li><li><p>\u0130ade talebi yaz\u0131l\u0131 olarak iletilmelidir<\/p><\/li><\/ul><p><strong>6.2. CAYMA HAKKI KAPSAMI DI\u015eINDAK\u0130 \u00dcR\u00dcNLER<\/strong><\/p><ul><li><p>Hijyen ve ki\u015fisel bak\u0131m \u00fcr\u00fcnleri<\/p><\/li><li><p>Ambalaj\u0131 a\u00e7\u0131lm\u0131\u015f kozmetik \u00fcr\u00fcnler<\/p><\/li><li><p>Tek kullan\u0131ml\u0131k \u00fcr\u00fcnler<\/p><\/li><\/ul><p><strong>6.3. \u0130ADE \u0130\u015eLEM\u0130<\/strong><\/p><p>\u0130ade talepleri <strong><a href=\"mailto:info@pharmatida.com.tr\">info@pharmatida.com.tr<\/a><\/strong> adresine iletilmelidir.<br \/>Onaylanan iadeler, <strong>14 i\u015f g\u00fcn\u00fc i\u00e7inde<\/strong> \u00f6deme yap\u0131lan y\u00f6ntemle iade edilir.<\/p><p><strong>7. GARANT\u0130 VE SORUMLULUK<\/strong><\/p><p>SATICI, \u00fcr\u00fcnlerin sipari\u015fte belirtilen \u00f6zelliklere uygun \u015fekilde teslim edilmesini sa\u011flar.<br \/>Ay\u0131pl\u0131 \u00fcr\u00fcn durumunda ALICI\u2019n\u0131n yasal haklar\u0131 sakl\u0131d\u0131r.<\/p><p><strong>8. K\u0130\u015e\u0130SEL VER\u0130LER\u0130N KORUNMASI<\/strong><\/p><p>ALICI\u2019n\u0131n ki\u015fisel verileri, Ki\u015fisel Verilerin Korunmas\u0131 Kanunu kapsam\u0131nda i\u015flenir. Detayl\u0131 bilgi i\u00e7in Gizlilik Politikas\u0131 incelenebilir.<\/p><p><strong>9. UYU\u015eMAZLIKLARIN \u00c7\u00d6Z\u00dcM\u00dc<\/strong><\/p><p>Uyu\u015fmazl\u0131klarda:<\/p><ul><li><p>T\u00fcketici Hakem Heyetleri<\/p><\/li><li><p>T\u00fcketici Mahkemeleri<\/p><\/li><\/ul><p>yetkilidir.<\/p><p><strong>10. Y\u00dcR\u00dcRL\u00dcK<\/strong><\/p><p>ALICI, sipari\u015fi onaylayarak i\u015fbu s\u00f6zle\u015fmenin t\u00fcm \u015fartlar\u0131n\u0131 kabul etmi\u015f say\u0131l\u0131r.<\/p>\t\t\t\t\t\t\t\t<\/div>\n\t\t\t\t\t<\/div>\n\t\t\t\t<\/div>\n\t\t\t\t<\/div>\n\t\t","protected":false},"excerpt":{"rendered":"<p>MESAFEL\u0130 SATI\u015e S\u00d6ZLE\u015eMES\u0130 Son G\u00fcncelleme: Nisan 2026 1. TARAFLAR SATICI:Unvan: Pharmatida \u0130la\u00e7 ve Sa\u011fl\u0131k \u00dcr\u00fcnleri Ticaret Sanayi Limited \u015eirketiAdres: K\u00f6rfez [&hellip;]<\/p>\n","protected":false},"author":1,"featured_media":0,"parent":0,"menu_order":0,"comment_status":"closed","ping_status":"closed","template":"","meta":{"postBodyCss":"","postBodyMargin":[],"postBodyPadding":[],"postBodyBackground":{"backgroundType":"classic","gradient":""},"site-sidebar-layout":"no-sidebar","site-content-layout":"","ast-site-content-layout":"full-width-container","site-content-style":"default","site-sidebar-style":"default","ast-global-header-display":"","ast-banner-title-visibility":"","ast-main-header-display":"","ast-hfb-above-header-display":"","ast-hfb-below-header-display":"","ast-hfb-mobile-header-display":"","site-post-title":"disabled","ast-breadcrumbs-content":"","ast-featured-img":"disabled","footer-sml-layout":"","ast-disable-related-posts":"","theme-transparent-header-meta":"","adv-header-id-meta":"","stick-header-meta":"","header-above-stick-meta":"","header-main-stick-meta":"","header-below-stick-meta":"","astra-migrate-meta-layouts":"default","ast-page-background-enabled":"default","ast-page-background-meta":{"desktop":{"background-color":"var(--ast-global-color-5)","background-image":"","background-repeat":"repeat","background-position":"center center","background-size":"auto","background-attachment":"scroll","background-type":"","background-media":"","overlay-type":"","overlay-color":"","overlay-opacity":"","overlay-gradient":""},"tablet":{"background-color":"","background-image":"","background-repeat":"repeat","background-position":"center center","background-size":"auto","background-attachment":"scroll","background-type":"","background-media":"","overlay-type":"","overlay-color":"","overlay-opacity":"","overlay-gradient":""},"mobile":{"background-color":"","background-image":"","background-repeat":"repeat","background-position":"center center","background-size":"auto","background-attachment":"scroll","background-type":"","background-media":"","overlay-type":"","overlay-color":"","overlay-opacity":"","overlay-gradient":""}},"ast-content-background-meta":{"desktop":{"background-color":"var(--ast-global-color-4)","background-image":"","background-repeat":"repeat","background-position":"center center","background-size":"auto","background-attachment":"scroll","background-type":"","background-media":"","overlay-type":"","overlay-color":"","overlay-opacity":"","overlay-gradient":""},"tablet":{"background-color":"var(--ast-global-color-4)","background-image":"","background-repeat":"repeat","background-position":"center center","background-size":"auto","background-attachment":"scroll","background-type":"","background-media":"","overlay-type":"","overlay-color":"","overlay-opacity":"","overlay-gradient":""},"mobile":{"background-color":"var(--ast-global-color-4)","background-image":"","background-repeat":"repeat","background-position":"center center","background-size":"auto","background-attachment":"scroll","background-type":"","background-media":"","overlay-type":"","overlay-color":"","overlay-opacity":"","overlay-gradient":""}},"footnotes":""},"class_list":["post-2373","page","type-page","status-publish","hentry"],"yoast_head":"<!-- This site is optimized with the Yoast SEO plugin v26.6 - https:\/\/yoast.com\/wordpress\/plugins\/seo\/ -->\n<title>Mesafeli Sat\u0131\u015f S\u00f6zle\u015fmesi ve Yasal Bilgilendirme - Pharmatida<\/title>\n<meta name=\"description\" content=\"Pharmatida mesafeli sat\u0131\u015f s\u00f6zle\u015fmesi, iade ve cayma hakk\u0131, gizlilik politikas\u0131 ve KVKK bilgilendirmelerine bu sayfadan ula\u015fabilirsiniz.\" \/>\n<meta name=\"robots\" content=\"index, follow, max-snippet:-1, max-image-preview:large, max-video-preview:-1\" \/>\n<link rel=\"canonical\" href=\"https:\/\/pharmatida.com.tr\/tr\/mesafeli-satis-sozlesmesi-ve-yasal-bilgilendirme\/\" \/>\n<meta property=\"og:locale\" content=\"tr_TR\" \/>\n<meta property=\"og:type\" content=\"article\" \/>\n<meta property=\"og:title\" content=\"Mesafeli Sat\u0131\u015f S\u00f6zle\u015fmesi ve Yasal Bilgilendirme - Pharmatida\" \/>\n<meta property=\"og:description\" content=\"Pharmatida mesafeli sat\u0131\u015f s\u00f6zle\u015fmesi, iade ve cayma hakk\u0131, gizlilik politikas\u0131 ve KVKK bilgilendirmelerine bu sayfadan ula\u015fabilirsiniz.\" \/>\n<meta property=\"og:url\" content=\"https:\/\/pharmatida.com.tr\/tr\/mesafeli-satis-sozlesmesi-ve-yasal-bilgilendirme\/\" \/>\n<meta property=\"og:site_name\" content=\"Pharmatida\" \/>\n<meta property=\"article:modified_time\" content=\"2026-04-27T11:39:25+00:00\" \/>\n<meta name=\"twitter:card\" content=\"summary_large_image\" \/>\n<meta name=\"twitter:label1\" content=\"Tahmini okuma s\u00fcresi\" \/>\n\t<meta name=\"twitter:data1\" content=\"2 dakika\" \/>\n<script type=\"application\/ld+json\" class=\"yoast-schema-graph\">{\"@context\":\"https:\/\/schema.org\",\"@graph\":[{\"@type\":\"WebPage\",\"@id\":\"https:\/\/pharmatida.com.tr\/mesafeli-satis-sozlesmesi-ve-yasal-bilgilendirme\/\",\"url\":\"https:\/\/pharmatida.com.tr\/mesafeli-satis-sozlesmesi-ve-yasal-bilgilendirme\/\",\"name\":\"Mesafeli Sat\u0131\u015f S\u00f6zle\u015fmesi ve Yasal Bilgilendirme - Pharmatida\",\"isPartOf\":{\"@id\":\"https:\/\/pharmatida.com.tr\/tr\/#website\"},\"datePublished\":\"2026-01-13T07:41:18+00:00\",\"dateModified\":\"2026-04-27T11:39:25+00:00\",\"description\":\"Pharmatida mesafeli sat\u0131\u015f s\u00f6zle\u015fmesi, iade ve cayma hakk\u0131, gizlilik politikas\u0131 ve KVKK bilgilendirmelerine bu sayfadan ula\u015fabilirsiniz.\",\"breadcrumb\":{\"@id\":\"https:\/\/pharmatida.com.tr\/mesafeli-satis-sozlesmesi-ve-yasal-bilgilendirme\/#breadcrumb\"},\"inLanguage\":\"tr\",\"potentialAction\":[{\"@type\":\"ReadAction\",\"target\":[\"https:\/\/pharmatida.com.tr\/mesafeli-satis-sozlesmesi-ve-yasal-bilgilendirme\/\"]}]},{\"@type\":\"BreadcrumbList\",\"@id\":\"https:\/\/pharmatida.com.tr\/mesafeli-satis-sozlesmesi-ve-yasal-bilgilendirme\/#breadcrumb\",\"itemListElement\":[{\"@type\":\"ListItem\",\"position\":1,\"name\":\"Ana Sayfa\",\"item\":\"https:\/\/pharmatida.com.tr\/tr\/\"},{\"@type\":\"ListItem\",\"position\":2,\"name\":\"Mesafeli Sat\u0131\u015f S\u00f6zle\u015fmesi ve Yasal Bilgilendirme\"}]},{\"@type\":\"WebSite\",\"@id\":\"https:\/\/pharmatida.com.tr\/tr\/#website\",\"url\":\"https:\/\/pharmatida.com.tr\/tr\/\",\"name\":\"Pharmatida\",\"description\":\"\",\"publisher\":{\"@id\":\"https:\/\/pharmatida.com.tr\/tr\/#organization\"},\"potentialAction\":[{\"@type\":\"SearchAction\",\"target\":{\"@type\":\"EntryPoint\",\"urlTemplate\":\"https:\/\/pharmatida.com.tr\/tr\/?s={search_term_string}\"},\"query-input\":{\"@type\":\"PropertyValueSpecification\",\"valueRequired\":true,\"valueName\":\"search_term_string\"}}],\"inLanguage\":\"tr\"},{\"@type\":\"Organization\",\"@id\":\"https:\/\/pharmatida.com.tr\/tr\/#organization\",\"name\":\"Pharmatida\",\"url\":\"https:\/\/pharmatida.com.tr\/tr\/\",\"logo\":{\"@type\":\"ImageObject\",\"inLanguage\":\"tr\",\"@id\":\"https:\/\/pharmatida.com.tr\/tr\/#\/schema\/logo\/image\/\",\"url\":\"https:\/\/pharmatida.com.tr\/wp-content\/uploads\/2025\/12\/pharmatida-koyu-lacivert-SON-HALI-YAN-LOGO-2.pdf-Photoroom-1.webp\",\"contentUrl\":\"https:\/\/pharmatida.com.tr\/wp-content\/uploads\/2025\/12\/pharmatida-koyu-lacivert-SON-HALI-YAN-LOGO-2.pdf-Photoroom-1.webp\",\"width\":300,\"height\":78,\"caption\":\"Pharmatida\"},\"image\":{\"@id\":\"https:\/\/pharmatida.com.tr\/tr\/#\/schema\/logo\/image\/\"}}]}<\/script>\n<!-- \/ Yoast SEO plugin. -->","yoast_head_json":{"title":"Mesafeli Sat\u0131\u015f S\u00f6zle\u015fmesi ve Yasal Bilgilendirme - Pharmatida","description":"Pharmatida mesafeli sat\u0131\u015f s\u00f6zle\u015fmesi, iade ve cayma hakk\u0131, gizlilik politikas\u0131 ve KVKK bilgilendirmelerine bu sayfadan ula\u015fabilirsiniz.","robots":{"index":"index","follow":"follow","max-snippet":"max-snippet:-1","max-image-preview":"max-image-preview:large","max-video-preview":"max-video-preview:-1"},"canonical":"https:\/\/pharmatida.com.tr\/tr\/mesafeli-satis-sozlesmesi-ve-yasal-bilgilendirme\/","og_locale":"tr_TR","og_type":"article","og_title":"Mesafeli Sat\u0131\u015f S\u00f6zle\u015fmesi ve Yasal Bilgilendirme - Pharmatida","og_description":"Pharmatida mesafeli sat\u0131\u015f s\u00f6zle\u015fmesi, iade ve cayma hakk\u0131, gizlilik politikas\u0131 ve KVKK bilgilendirmelerine bu sayfadan ula\u015fabilirsiniz.","og_url":"https:\/\/pharmatida.com.tr\/tr\/mesafeli-satis-sozlesmesi-ve-yasal-bilgilendirme\/","og_site_name":"Pharmatida","article_modified_time":"2026-04-27T11:39:25+00:00","twitter_card":"summary_large_image","twitter_misc":{"Tahmini okuma s\u00fcresi":"2 dakika"},"schema":{"@context":"https:\/\/schema.org","@graph":[{"@type":"WebPage","@id":"https:\/\/pharmatida.com.tr\/mesafeli-satis-sozlesmesi-ve-yasal-bilgilendirme\/","url":"https:\/\/pharmatida.com.tr\/mesafeli-satis-sozlesmesi-ve-yasal-bilgilendirme\/","name":"Mesafeli Sat\u0131\u015f S\u00f6zle\u015fmesi ve Yasal Bilgilendirme - Pharmatida","isPartOf":{"@id":"https:\/\/pharmatida.com.tr\/tr\/#website"},"datePublished":"2026-01-13T07:41:18+00:00","dateModified":"2026-04-27T11:39:25+00:00","description":"Pharmatida mesafeli sat\u0131\u015f s\u00f6zle\u015fmesi, iade ve cayma hakk\u0131, gizlilik politikas\u0131 ve KVKK bilgilendirmelerine bu sayfadan ula\u015fabilirsiniz.","breadcrumb":{"@id":"https:\/\/pharmatida.com.tr\/mesafeli-satis-sozlesmesi-ve-yasal-bilgilendirme\/#breadcrumb"},"inLanguage":"tr","potentialAction":[{"@type":"ReadAction","target":["https:\/\/pharmatida.com.tr\/mesafeli-satis-sozlesmesi-ve-yasal-bilgilendirme\/"]}]},{"@type":"BreadcrumbList","@id":"https:\/\/pharmatida.com.tr\/mesafeli-satis-sozlesmesi-ve-yasal-bilgilendirme\/#breadcrumb","itemListElement":[{"@type":"ListItem","position":1,"name":"Ana Sayfa","item":"https:\/\/pharmatida.com.tr\/tr\/"},{"@type":"ListItem","position":2,"name":"Mesafeli Sat\u0131\u015f S\u00f6zle\u015fmesi ve Yasal Bilgilendirme"}]},{"@type":"WebSite","@id":"https:\/\/pharmatida.com.tr\/tr\/#website","url":"https:\/\/pharmatida.com.tr\/tr\/","name":"Pharmatida","description":"","publisher":{"@id":"https:\/\/pharmatida.com.tr\/tr\/#organization"},"potentialAction":[{"@type":"SearchAction","target":{"@type":"EntryPoint","urlTemplate":"https:\/\/pharmatida.com.tr\/tr\/?s={search_term_string}"},"query-input":{"@type":"PropertyValueSpecification","valueRequired":true,"valueName":"search_term_string"}}],"inLanguage":"tr"},{"@type":"Organization","@id":"https:\/\/pharmatida.com.tr\/tr\/#organization","name":"Pharmatida","url":"https:\/\/pharmatida.com.tr\/tr\/","logo":{"@type":"ImageObject","inLanguage":"tr","@id":"https:\/\/pharmatida.com.tr\/tr\/#\/schema\/logo\/image\/","url":"https:\/\/pharmatida.com.tr\/wp-content\/uploads\/2025\/12\/pharmatida-koyu-lacivert-SON-HALI-YAN-LOGO-2.pdf-Photoroom-1.webp","contentUrl":"https:\/\/pharmatida.com.tr\/wp-content\/uploads\/2025\/12\/pharmatida-koyu-lacivert-SON-HALI-YAN-LOGO-2.pdf-Photoroom-1.webp","width":300,"height":78,"caption":"Pharmatida"},"image":{"@id":"https:\/\/pharmatida.com.tr\/tr\/#\/schema\/logo\/image\/"}}]}},"_links":{"self":[{"href":"https:\/\/pharmatida.com.tr\/tr\/wp-json\/wp\/v2\/pages\/2373","targetHints":{"allow":["GET"]}}],"collection":[{"href":"https:\/\/pharmatida.com.tr\/tr\/wp-json\/wp\/v2\/pages"}],"about":[{"href":"https:\/\/pharmatida.com.tr\/tr\/wp-json\/wp\/v2\/types\/page"}],"author":[{"embeddable":true,"href":"https:\/\/pharmatida.com.tr\/tr\/wp-json\/wp\/v2\/users\/1"}],"replies":[{"embeddable":true,"href":"https:\/\/pharmatida.com.tr\/tr\/wp-json\/wp\/v2\/comments?post=2373"}],"version-history":[{"count":59,"href":"https:\/\/pharmatida.com.tr\/tr\/wp-json\/wp\/v2\/pages\/2373\/revisions"}],"predecessor-version":[{"id":4068,"href":"https:\/\/pharmatida.com.tr\/tr\/wp-json\/wp\/v2\/pages\/2373\/revisions\/4068"}],"wp:attachment":[{"href":"https:\/\/pharmatida.com.tr\/tr\/wp-json\/wp\/v2\/media?parent=2373"}],"curies":[{"name":"wp","href":"https:\/\/api.w.org\/{rel}","templated":true}]}}