{"id":2371,"date":"2026-01-13T10:35:05","date_gmt":"2026-01-13T07:35:05","guid":{"rendered":"https:\/\/pharmatida.com.tr\/?page_id=2371"},"modified":"2026-04-27T14:32:35","modified_gmt":"2026-04-27T11:32:35","slug":"gizlilik-politikasi","status":"publish","type":"page","link":"https:\/\/pharmatida.com.tr\/tr\/gizlilik-politikasi\/","title":{"rendered":"Gizlilik Politikas\u0131"},"content":{"rendered":"\t\t<div data-elementor-type=\"wp-page\" data-elementor-id=\"2371\" class=\"elementor elementor-2371\" data-elementor-post-type=\"page\">\n\t\t\t\t<div class=\"elementor-element elementor-element-2d2ac69f e-flex e-con-boxed e-con e-parent\" data-id=\"2d2ac69f\" data-element_type=\"container\">\n\t\t\t\t\t<div class=\"e-con-inner\">\n\t\t\t\t<div class=\"elementor-element elementor-element-4cb9acb elementor-widget elementor-widget-heading\" data-id=\"4cb9acb\" data-element_type=\"widget\" data-widget_type=\"heading.default\">\n\t\t\t\t\t<h1 class=\"elementor-heading-title elementor-size-default\">G\u0130ZL\u0130L\u0130K VE G\u00dcVENL\u0130K POL\u0130T\u0130KASI<\/h1>\t\t\t\t<\/div>\n\t\t\t\t<div class=\"elementor-element elementor-element-552a1e10 elementor-widget elementor-widget-text-editor\" data-id=\"552a1e10\" data-element_type=\"widget\" data-widget_type=\"text-editor.default\">\n\t\t\t\t\t\t\t\t\t\n<h3 class=\"wp-block-heading\">Son G\u00fcncelleme: Nisan 2026<\/h3>\n<p><strong>1. GENEL B\u0130LG\u0130LER<\/strong><\/p>\n<p>Bu Gizlilik ve G\u00fcvenlik Politikas\u0131, pharmatida.com.tr web sitesini ziyaret eden kullan\u0131c\u0131lar\u0131n ki\u015fisel verilerinin i\u015flenmesine ili\u015fkin esaslar\u0131 a\u00e7\u0131klamaktad\u0131r.<\/p>\n<p>Ki\u015fisel verileriniz, 6698 say\u0131l\u0131 Ki\u015fisel Verilerin Korunmas\u0131 Kanunu (\u201cKVKK\u201d) kapsam\u0131nda i\u015flenmektedir.<\/p>\n<p><strong>2. VER\u0130 SORUMLUSU<\/strong><\/p>\n<p>Unvan: Pharmatida \u0130la\u00e7 ve Sa\u011fl\u0131k \u00dcr\u00fcnleri Ticaret Sanayi Limited \u015eirketi<br \/>Adres: K\u00f6rfez Mah. Mustafa \u00c7avu\u015f Cad. No:3 \u0130\u00e7 Kap\u0131 No:3 Atakum\/Samsun<br \/>Telefon: +90 362 502 76 55<br \/>E-posta: info@pharmatida.com.tr<\/p>\n<p><strong>3. TOPLANAN K\u0130\u015e\u0130SEL VER\u0130LER<\/strong><\/p>\n<p>Web sitemiz \u00fczerinden a\u015fa\u011f\u0131daki ki\u015fisel veriler toplanabilir:<\/p>\n<ul>\n<li>\n<p>Ad, soyad<\/p>\n<\/li>\n<li>\n<p>Telefon numaras\u0131<\/p>\n<\/li>\n<li>\n<p>E-posta adresi<\/p>\n<\/li>\n<li>\n<p>Teslimat ve fatura adresi<\/p>\n<\/li>\n<li>\n<p>Sipari\u015f ve i\u015flem bilgileri<\/p>\n<\/li>\n<li>\n<p>IP adresi ve site kullan\u0131m verileri<\/p>\n<\/li>\n<\/ul>\n<p>Not: \u00d6deme i\u015flemleri s\u0131ras\u0131nda girilen kart bilgileriniz taraf\u0131m\u0131zca saklanmaz.<\/p>\n<p><strong>4. K\u0130\u015e\u0130SEL VER\u0130LER\u0130N \u0130\u015eLENME AMA\u00c7LARI<\/strong><\/p>\n<p>Ki\u015fisel verileriniz a\u015fa\u011f\u0131daki ama\u00e7larla i\u015flenmektedir:<\/p>\n<ul>\n<li>\n<p>Sipari\u015flerin al\u0131nmas\u0131 ve y\u00f6netilmesi<\/p>\n<\/li>\n<li>\n<p>\u00dcr\u00fcnlerin teslim edilmesi<\/p>\n<\/li>\n<li>\n<p>M\u00fc\u015fteri destek hizmetlerinin sa\u011flanmas\u0131<\/p>\n<\/li>\n<li>\n<p>Yasal y\u00fck\u00fcml\u00fcl\u00fcklerin yerine getirilmesi<\/p>\n<\/li>\n<li>\n<p>Site g\u00fcvenli\u011finin sa\u011flanmas\u0131<\/p>\n<\/li>\n<\/ul>\n<p><strong>5. K\u0130\u015e\u0130SEL VER\u0130LER\u0130N AKTARILMASI<\/strong><\/p>\n<p>Ki\u015fisel verileriniz a\u015fa\u011f\u0131daki taraflarla payla\u015f\u0131labilir:<\/p>\n<ul>\n<li>\n<p>Kargo firmalar\u0131 (teslimat i\u00e7in)<\/p>\n<\/li>\n<li>\n<p>\u00d6deme kurulu\u015flar\u0131 (\u00f6rne\u011fin iyzico)<\/p>\n<\/li>\n<li>\n<p>Yetkili kamu kurum ve kurulu\u015flar\u0131 (yasal zorunluluk halinde)<\/p>\n<\/li>\n<\/ul>\n<p><strong>6. VER\u0130 G\u00dcVENL\u0130\u011e\u0130<\/strong><\/p>\n<p>Ki\u015fisel verilerinizin korunmas\u0131 amac\u0131yla:<\/p>\n<ul>\n<li>\n<p>SSL g\u00fcvenlik altyap\u0131s\u0131 kullan\u0131lmaktad\u0131r<\/p>\n<\/li>\n<li>\n<p>Sunucular g\u00fcvenli ortamlarda bar\u0131nd\u0131r\u0131lmaktad\u0131r<\/p>\n<\/li>\n<li>\n<p>Yetkisiz eri\u015fimlere kar\u015f\u0131 gerekli teknik \u00f6nlemler al\u0131nmaktad\u0131r<\/p>\n<\/li>\n<\/ul>\n<p><strong>7. \u00c7EREZLER (COOKIES)<\/strong><\/p>\n<p>Web sitemizde kullan\u0131c\u0131 deneyimini geli\u015ftirmek amac\u0131yla \u00e7erezler kullan\u0131lmaktad\u0131r.<\/p>\n<p><strong>8. KVKK KAPSAMINDA HAKLARINIZ<\/strong><\/p>\n<p>KVKK\u2019n\u0131n 11. maddesi kapsam\u0131nda:<\/p>\n<ul>\n<li>\n<p>Verilerinize eri\u015fme<\/p>\n<\/li>\n<li>\n<p>D\u00fczeltme talep etme<\/p>\n<\/li>\n<li>\n<p>Silinmesini isteme<\/p>\n<\/li>\n<li>\n<p>\u0130\u015flemeye itiraz etme<\/p>\n<\/li>\n<\/ul>\n<p>haklar\u0131na sahipsiniz.<\/p>\n<p><strong>9. \u0130LET\u0130\u015e\u0130M<\/strong><\/p>\n<p>Ki\u015fisel verileriniz ile ilgili talepleriniz i\u00e7in:<\/p>\n<p>E-posta: info@pharmatida.com.tr<br \/>Telefon: +90 362 502 76 55<\/p>\n<p><strong>10. Y\u00dcR\u00dcRL\u00dcK<\/strong><\/p>\n<p>Bu politika, web sitesinde yay\u0131mland\u0131\u011f\u0131 tarihten itibaren y\u00fcr\u00fcrl\u00fc\u011fe girer.<\/p>\t\t\t\t\t\t\t\t<\/div>\n\t\t\t\t\t<\/div>\n\t\t\t\t<\/div>\n\t\t\t\t<\/div>\n\t\t","protected":false},"excerpt":{"rendered":"<p>G\u0130ZL\u0130L\u0130K VE G\u00dcVENL\u0130K POL\u0130T\u0130KASI Son G\u00fcncelleme: Nisan 2026 1. GENEL B\u0130LG\u0130LER Bu Gizlilik ve G\u00fcvenlik Politikas\u0131, pharmatida.com.tr web sitesini ziyaret [&hellip;]<\/p>\n","protected":false},"author":1,"featured_media":0,"parent":0,"menu_order":0,"comment_status":"closed","ping_status":"closed","template":"","meta":{"postBodyCss":"","postBodyMargin":[],"postBodyPadding":[],"postBodyBackground":{"backgroundType":"classic","gradient":""},"site-sidebar-layout":"default","site-content-layout":"","ast-site-content-layout":"default","site-content-style":"default","site-sidebar-style":"default","ast-global-header-display":"","ast-banner-title-visibility":"","ast-main-header-display":"","ast-hfb-above-header-display":"","ast-hfb-below-header-display":"","ast-hfb-mobile-header-display":"","site-post-title":"disabled","ast-breadcrumbs-content":"","ast-featured-img":"","footer-sml-layout":"","ast-disable-related-posts":"","theme-transparent-header-meta":"","adv-header-id-meta":"","stick-header-meta":"","header-above-stick-meta":"","header-main-stick-meta":"","header-below-stick-meta":"","astra-migrate-meta-layouts":"default","ast-page-background-enabled":"default","ast-page-background-meta":{"desktop":{"background-color":"var(--ast-global-color-5)","background-image":"","background-repeat":"repeat","background-position":"center center","background-size":"auto","background-attachment":"scroll","background-type":"","background-media":"","overlay-type":"","overlay-color":"","overlay-opacity":"","overlay-gradient":""},"tablet":{"background-color":"","background-image":"","background-repeat":"repeat","background-position":"center center","background-size":"auto","background-attachment":"scroll","background-type":"","background-media":"","overlay-type":"","overlay-color":"","overlay-opacity":"","overlay-gradient":""},"mobile":{"background-color":"","background-image":"","background-repeat":"repeat","background-position":"center center","background-size":"auto","background-attachment":"scroll","background-type":"","background-media":"","overlay-type":"","overlay-color":"","overlay-opacity":"","overlay-gradient":""}},"ast-content-background-meta":{"desktop":{"background-color":"var(--ast-global-color-4)","background-image":"","background-repeat":"repeat","background-position":"center center","background-size":"auto","background-attachment":"scroll","background-type":"","background-media":"","overlay-type":"","overlay-color":"","overlay-opacity":"","overlay-gradient":""},"tablet":{"background-color":"var(--ast-global-color-4)","background-image":"","background-repeat":"repeat","background-position":"center center","background-size":"auto","background-attachment":"scroll","background-type":"","background-media":"","overlay-type":"","overlay-color":"","overlay-opacity":"","overlay-gradient":""},"mobile":{"background-color":"var(--ast-global-color-4)","background-image":"","background-repeat":"repeat","background-position":"center center","background-size":"auto","background-attachment":"scroll","background-type":"","background-media":"","overlay-type":"","overlay-color":"","overlay-opacity":"","overlay-gradient":""}},"footnotes":""},"class_list":["post-2371","page","type-page","status-publish","hentry"],"yoast_head":"<!-- This site is optimized with the Yoast SEO plugin v26.6 - https:\/\/yoast.com\/wordpress\/plugins\/seo\/ -->\n<title>Gizlilik Politikas\u0131 - Pharmatida<\/title>\n<meta name=\"robots\" content=\"index, follow, max-snippet:-1, max-image-preview:large, max-video-preview:-1\" \/>\n<link rel=\"canonical\" href=\"https:\/\/pharmatida.com.tr\/tr\/gizlilik-politikasi\/\" \/>\n<meta property=\"og:locale\" content=\"tr_TR\" \/>\n<meta property=\"og:type\" content=\"article\" \/>\n<meta property=\"og:title\" content=\"Gizlilik Politikas\u0131 - Pharmatida\" \/>\n<meta property=\"og:description\" content=\"G\u0130ZL\u0130L\u0130K VE G\u00dcVENL\u0130K POL\u0130T\u0130KASI Son G\u00fcncelleme: Nisan 2026 1. GENEL B\u0130LG\u0130LER Bu Gizlilik ve G\u00fcvenlik Politikas\u0131, pharmatida.com.tr web sitesini ziyaret [&hellip;]\" \/>\n<meta property=\"og:url\" content=\"https:\/\/pharmatida.com.tr\/tr\/gizlilik-politikasi\/\" \/>\n<meta property=\"og:site_name\" content=\"Pharmatida\" \/>\n<meta property=\"article:modified_time\" content=\"2026-04-27T11:32:35+00:00\" \/>\n<meta name=\"twitter:card\" content=\"summary_large_image\" \/>\n<meta name=\"twitter:label1\" content=\"Tahmini okuma s\u00fcresi\" \/>\n\t<meta name=\"twitter:data1\" content=\"2 dakika\" \/>\n<script type=\"application\/ld+json\" class=\"yoast-schema-graph\">{\"@context\":\"https:\/\/schema.org\",\"@graph\":[{\"@type\":\"WebPage\",\"@id\":\"https:\/\/pharmatida.com.tr\/gizlilik-politikasi\/\",\"url\":\"https:\/\/pharmatida.com.tr\/gizlilik-politikasi\/\",\"name\":\"Gizlilik Politikas\u0131 - Pharmatida\",\"isPartOf\":{\"@id\":\"https:\/\/pharmatida.com.tr\/tr\/#website\"},\"datePublished\":\"2026-01-13T07:35:05+00:00\",\"dateModified\":\"2026-04-27T11:32:35+00:00\",\"breadcrumb\":{\"@id\":\"https:\/\/pharmatida.com.tr\/gizlilik-politikasi\/#breadcrumb\"},\"inLanguage\":\"tr\",\"potentialAction\":[{\"@type\":\"ReadAction\",\"target\":[\"https:\/\/pharmatida.com.tr\/gizlilik-politikasi\/\"]}]},{\"@type\":\"BreadcrumbList\",\"@id\":\"https:\/\/pharmatida.com.tr\/gizlilik-politikasi\/#breadcrumb\",\"itemListElement\":[{\"@type\":\"ListItem\",\"position\":1,\"name\":\"Ana Sayfa\",\"item\":\"https:\/\/pharmatida.com.tr\/tr\/\"},{\"@type\":\"ListItem\",\"position\":2,\"name\":\"Gizlilik Politikas\u0131\"}]},{\"@type\":\"WebSite\",\"@id\":\"https:\/\/pharmatida.com.tr\/tr\/#website\",\"url\":\"https:\/\/pharmatida.com.tr\/tr\/\",\"name\":\"Pharmatida\",\"description\":\"\",\"publisher\":{\"@id\":\"https:\/\/pharmatida.com.tr\/tr\/#organization\"},\"potentialAction\":[{\"@type\":\"SearchAction\",\"target\":{\"@type\":\"EntryPoint\",\"urlTemplate\":\"https:\/\/pharmatida.com.tr\/tr\/?s={search_term_string}\"},\"query-input\":{\"@type\":\"PropertyValueSpecification\",\"valueRequired\":true,\"valueName\":\"search_term_string\"}}],\"inLanguage\":\"tr\"},{\"@type\":\"Organization\",\"@id\":\"https:\/\/pharmatida.com.tr\/tr\/#organization\",\"name\":\"Pharmatida\",\"url\":\"https:\/\/pharmatida.com.tr\/tr\/\",\"logo\":{\"@type\":\"ImageObject\",\"inLanguage\":\"tr\",\"@id\":\"https:\/\/pharmatida.com.tr\/tr\/#\/schema\/logo\/image\/\",\"url\":\"https:\/\/pharmatida.com.tr\/wp-content\/uploads\/2025\/12\/pharmatida-koyu-lacivert-SON-HALI-YAN-LOGO-2.pdf-Photoroom-1.webp\",\"contentUrl\":\"https:\/\/pharmatida.com.tr\/wp-content\/uploads\/2025\/12\/pharmatida-koyu-lacivert-SON-HALI-YAN-LOGO-2.pdf-Photoroom-1.webp\",\"width\":300,\"height\":78,\"caption\":\"Pharmatida\"},\"image\":{\"@id\":\"https:\/\/pharmatida.com.tr\/tr\/#\/schema\/logo\/image\/\"}}]}<\/script>\n<!-- \/ Yoast SEO plugin. -->","yoast_head_json":{"title":"Gizlilik Politikas\u0131 - Pharmatida","robots":{"index":"index","follow":"follow","max-snippet":"max-snippet:-1","max-image-preview":"max-image-preview:large","max-video-preview":"max-video-preview:-1"},"canonical":"https:\/\/pharmatida.com.tr\/tr\/gizlilik-politikasi\/","og_locale":"tr_TR","og_type":"article","og_title":"Gizlilik Politikas\u0131 - Pharmatida","og_description":"G\u0130ZL\u0130L\u0130K VE G\u00dcVENL\u0130K POL\u0130T\u0130KASI Son G\u00fcncelleme: Nisan 2026 1. GENEL B\u0130LG\u0130LER Bu Gizlilik ve G\u00fcvenlik Politikas\u0131, pharmatida.com.tr web sitesini ziyaret [&hellip;]","og_url":"https:\/\/pharmatida.com.tr\/tr\/gizlilik-politikasi\/","og_site_name":"Pharmatida","article_modified_time":"2026-04-27T11:32:35+00:00","twitter_card":"summary_large_image","twitter_misc":{"Tahmini okuma s\u00fcresi":"2 dakika"},"schema":{"@context":"https:\/\/schema.org","@graph":[{"@type":"WebPage","@id":"https:\/\/pharmatida.com.tr\/gizlilik-politikasi\/","url":"https:\/\/pharmatida.com.tr\/gizlilik-politikasi\/","name":"Gizlilik Politikas\u0131 - Pharmatida","isPartOf":{"@id":"https:\/\/pharmatida.com.tr\/tr\/#website"},"datePublished":"2026-01-13T07:35:05+00:00","dateModified":"2026-04-27T11:32:35+00:00","breadcrumb":{"@id":"https:\/\/pharmatida.com.tr\/gizlilik-politikasi\/#breadcrumb"},"inLanguage":"tr","potentialAction":[{"@type":"ReadAction","target":["https:\/\/pharmatida.com.tr\/gizlilik-politikasi\/"]}]},{"@type":"BreadcrumbList","@id":"https:\/\/pharmatida.com.tr\/gizlilik-politikasi\/#breadcrumb","itemListElement":[{"@type":"ListItem","position":1,"name":"Ana Sayfa","item":"https:\/\/pharmatida.com.tr\/tr\/"},{"@type":"ListItem","position":2,"name":"Gizlilik Politikas\u0131"}]},{"@type":"WebSite","@id":"https:\/\/pharmatida.com.tr\/tr\/#website","url":"https:\/\/pharmatida.com.tr\/tr\/","name":"Pharmatida","description":"","publisher":{"@id":"https:\/\/pharmatida.com.tr\/tr\/#organization"},"potentialAction":[{"@type":"SearchAction","target":{"@type":"EntryPoint","urlTemplate":"https:\/\/pharmatida.com.tr\/tr\/?s={search_term_string}"},"query-input":{"@type":"PropertyValueSpecification","valueRequired":true,"valueName":"search_term_string"}}],"inLanguage":"tr"},{"@type":"Organization","@id":"https:\/\/pharmatida.com.tr\/tr\/#organization","name":"Pharmatida","url":"https:\/\/pharmatida.com.tr\/tr\/","logo":{"@type":"ImageObject","inLanguage":"tr","@id":"https:\/\/pharmatida.com.tr\/tr\/#\/schema\/logo\/image\/","url":"https:\/\/pharmatida.com.tr\/wp-content\/uploads\/2025\/12\/pharmatida-koyu-lacivert-SON-HALI-YAN-LOGO-2.pdf-Photoroom-1.webp","contentUrl":"https:\/\/pharmatida.com.tr\/wp-content\/uploads\/2025\/12\/pharmatida-koyu-lacivert-SON-HALI-YAN-LOGO-2.pdf-Photoroom-1.webp","width":300,"height":78,"caption":"Pharmatida"},"image":{"@id":"https:\/\/pharmatida.com.tr\/tr\/#\/schema\/logo\/image\/"}}]}},"_links":{"self":[{"href":"https:\/\/pharmatida.com.tr\/tr\/wp-json\/wp\/v2\/pages\/2371","targetHints":{"allow":["GET"]}}],"collection":[{"href":"https:\/\/pharmatida.com.tr\/tr\/wp-json\/wp\/v2\/pages"}],"about":[{"href":"https:\/\/pharmatida.com.tr\/tr\/wp-json\/wp\/v2\/types\/page"}],"author":[{"embeddable":true,"href":"https:\/\/pharmatida.com.tr\/tr\/wp-json\/wp\/v2\/users\/1"}],"replies":[{"embeddable":true,"href":"https:\/\/pharmatida.com.tr\/tr\/wp-json\/wp\/v2\/comments?post=2371"}],"version-history":[{"count":35,"href":"https:\/\/pharmatida.com.tr\/tr\/wp-json\/wp\/v2\/pages\/2371\/revisions"}],"predecessor-version":[{"id":4059,"href":"https:\/\/pharmatida.com.tr\/tr\/wp-json\/wp\/v2\/pages\/2371\/revisions\/4059"}],"wp:attachment":[{"href":"https:\/\/pharmatida.com.tr\/tr\/wp-json\/wp\/v2\/media?parent=2371"}],"curies":[{"name":"wp","href":"https:\/\/api.w.org\/{rel}","templated":true}]}}