{"id":2544,"date":"2026-01-14T09:46:49","date_gmt":"2026-01-14T06:46:49","guid":{"rendered":"https:\/\/pharmatida.com.tr\/?page_id=2544"},"modified":"2026-04-24T18:28:23","modified_gmt":"2026-04-24T15:28:23","slug":"blog","status":"publish","type":"page","link":"https:\/\/pharmatida.com.tr\/en\/blog\/","title":{"rendered":"Blog"},"content":{"rendered":"<div data-elementor-type=\"wp-page\" data-elementor-id=\"2544\" class=\"elementor elementor-2544\" data-elementor-post-type=\"page\">\n\t\t\t\t<div class=\"elementor-element elementor-element-747f5a2 e-flex e-con-boxed e-con e-parent\" data-id=\"747f5a2\" data-element_type=\"container\">\n\t\t\t\t\t<div class=\"e-con-inner\">\n\t\t\t\t<div class=\"elementor-element elementor-element-578c5b6 elementor-grid-3 elementor-grid-tablet-2 elementor-grid-mobile-1 elementor-posts--thumbnail-top elementor-card-shadow-yes elementor-posts__hover-gradient elementor-widget elementor-widget-posts\" data-id=\"578c5b6\" data-element_type=\"widget\" data-settings=\"{&quot;pagination_type&quot;:&quot;numbers&quot;,&quot;cards_columns&quot;:&quot;3&quot;,&quot;cards_columns_tablet&quot;:&quot;2&quot;,&quot;cards_columns_mobile&quot;:&quot;1&quot;,&quot;cards_row_gap&quot;:{&quot;unit&quot;:&quot;px&quot;,&quot;size&quot;:35,&quot;sizes&quot;:[]},&quot;cards_row_gap_tablet&quot;:{&quot;unit&quot;:&quot;px&quot;,&quot;size&quot;:&quot;&quot;,&quot;sizes&quot;:[]},&quot;cards_row_gap_mobile&quot;:{&quot;unit&quot;:&quot;px&quot;,&quot;size&quot;:&quot;&quot;,&quot;sizes&quot;:[]}}\" data-widget_type=\"posts.cards\">\n\t\t\t\t<div class=\"elementor-widget-container\">\n\t\t\t\t\t\t\t<div class=\"elementor-posts-container elementor-posts elementor-posts--skin-cards elementor-grid\" role=\"list\">\n\t\t\t\t<article class=\"elementor-post elementor-grid-item post-2849 post type-post status-publish format-standard has-post-thumbnail hentry category-genel\" role=\"listitem\">\n\t\t\t<div class=\"elementor-post__card\">\n\t\t\t\t<a class=\"elementor-post__thumbnail__link\" href=\"https:\/\/pharmatida.com.tr\/en\/alfa-lipoik-asit-glutatyon-ve-resveratrol-nedir-hucresel-antioksidan-savunmada-uclu-etki\/\" tabindex=\"-1\" ><div class=\"elementor-post__thumbnail\"><img fetchpriority=\"high\" decoding=\"async\" width=\"300\" height=\"200\" src=\"https:\/\/pharmatida.com.tr\/wp-content\/uploads\/2026\/03\/alfa-300x200.webp\" class=\"attachment-medium size-medium wp-image-2850\" alt=\"\" srcset=\"https:\/\/pharmatida.com.tr\/wp-content\/uploads\/2026\/03\/alfa-300x200.webp 300w, https:\/\/pharmatida.com.tr\/wp-content\/uploads\/2026\/03\/alfa-1024x683.webp 1024w, https:\/\/pharmatida.com.tr\/wp-content\/uploads\/2026\/03\/alfa-768x512.webp 768w, https:\/\/pharmatida.com.tr\/wp-content\/uploads\/2026\/03\/alfa-600x400.webp 600w, https:\/\/pharmatida.com.tr\/wp-content\/uploads\/2026\/03\/alfa.webp 1536w\" sizes=\"(max-width: 300px) 100vw, 300px\" \/><\/div><\/a>\n\t\t\t\t<div class=\"elementor-post__text\">\n\t\t\t\t<h3 class=\"elementor-post__title\">\n\t\t\t<a href=\"https:\/\/pharmatida.com.tr\/en\/alfa-lipoik-asit-glutatyon-ve-resveratrol-nedir-hucresel-antioksidan-savunmada-uclu-etki\/\" >\n\t\t\t\tWhat Are Alpha Lipoic Acid, Glutathione, and Resveratrol? Triple Action in Cellular Antioxidant Defense\t\t\t<\/a>\n\t\t<\/h3>\n\t\t\t\t<div class=\"elementor-post__excerpt\">\n\t\t\t<p>Antioxidant systems are one of the body\u2019s most important defense mechanisms in terms of cellular health and metabolic balance. Oxidative stress that occurs in daily life can\u2026<\/p>\n\t\t<\/div>\n\t\t\n\t\t<a class=\"elementor-post__read-more\" href=\"https:\/\/pharmatida.com.tr\/en\/alfa-lipoik-asit-glutatyon-ve-resveratrol-nedir-hucresel-antioksidan-savunmada-uclu-etki\/\" aria-label=\"Read more about Alfa Lipoik Asit, Glutatyon ve Resveratrol Nedir? H\u00fccresel Antioksidan Savunmada \u00dc\u00e7l\u00fc Etki\" tabindex=\"-1\" >\n\t\t\tRead More\t\t<\/a>\n\n\t\t\t\t<\/div>\n\t\t\t\t<div class=\"elementor-post__meta-data\">\n\t\t\t\t\t<span class=\"elementor-post-date\">\n\t\t\t13 March 2026\t\t<\/span>\n\t\t\t\t<span class=\"elementor-post-avatar\">\n\t\t\tNo Comments\t\t<\/span>\n\t\t\t\t<\/div>\n\t\t\t\t\t<\/div>\n\t\t<\/article>\n\t\t\t\t<article class=\"elementor-post elementor-grid-item post-2846 post type-post status-publish format-standard has-post-thumbnail hentry category-genel\" role=\"listitem\">\n\t\t\t<div class=\"elementor-post__card\">\n\t\t\t\t<a class=\"elementor-post__thumbnail__link\" href=\"https:\/\/pharmatida.com.tr\/en\/b-kompleks-vitamin-nedir\/\" tabindex=\"-1\" ><div class=\"elementor-post__thumbnail\"><img decoding=\"async\" width=\"300\" height=\"200\" src=\"https:\/\/pharmatida.com.tr\/wp-content\/uploads\/2026\/03\/bb-300x200.png\" class=\"attachment-medium size-medium wp-image-2852\" alt=\"\" srcset=\"https:\/\/pharmatida.com.tr\/wp-content\/uploads\/2026\/03\/bb-300x200.png 300w, https:\/\/pharmatida.com.tr\/wp-content\/uploads\/2026\/03\/bb-1024x683.png 1024w, https:\/\/pharmatida.com.tr\/wp-content\/uploads\/2026\/03\/bb-768x512.png 768w, https:\/\/pharmatida.com.tr\/wp-content\/uploads\/2026\/03\/bb-600x400.png 600w, https:\/\/pharmatida.com.tr\/wp-content\/uploads\/2026\/03\/bb.png 1536w\" sizes=\"(max-width: 300px) 100vw, 300px\" \/><\/div><\/a>\n\t\t\t\t<div class=\"elementor-post__text\">\n\t\t\t\t<h3 class=\"elementor-post__title\">\n\t\t\t<a href=\"https:\/\/pharmatida.com.tr\/en\/b-kompleks-vitamin-nedir\/\" >\n\t\t\t\tWhat Is Vitamin B Complex? Benefits of B Vitamins and Advantages of the Spray Form\t\t\t<\/a>\n\t\t<\/h3>\n\t\t\t\t<div class=\"elementor-post__excerpt\">\n\t\t\t<p>B-complex vitamins are a group of water-soluble vitamins that are essential for the body\u2019s energy production, nervous system functions, and metabolic processes.<\/p>\n\t\t<\/div>\n\t\t\n\t\t<a class=\"elementor-post__read-more\" href=\"https:\/\/pharmatida.com.tr\/en\/b-kompleks-vitamin-nedir\/\" aria-label=\"Read more about B Kompleks Vitamin Nedir? B Vitaminlerinin Faydalar\u0131 ve Sprey Formunun Avantajlar\u0131\" tabindex=\"-1\" >\n\t\t\tRead More\t\t<\/a>\n\n\t\t\t\t<\/div>\n\t\t\t\t<div class=\"elementor-post__meta-data\">\n\t\t\t\t\t<span class=\"elementor-post-date\">\n\t\t\t13 March 2026\t\t<\/span>\n\t\t\t\t<span class=\"elementor-post-avatar\">\n\t\t\tNo Comments\t\t<\/span>\n\t\t\t\t<\/div>\n\t\t\t\t\t<\/div>\n\t\t<\/article>\n\t\t\t\t<article class=\"elementor-post elementor-grid-item post-2843 post type-post status-publish format-standard has-post-thumbnail hentry category-genel\" role=\"listitem\">\n\t\t\t<div class=\"elementor-post__card\">\n\t\t\t\t<a class=\"elementor-post__thumbnail__link\" href=\"https:\/\/pharmatida.com.tr\/en\/d-vitamini-nedir\/\" tabindex=\"-1\" ><div class=\"elementor-post__thumbnail\"><img decoding=\"async\" width=\"300\" height=\"200\" src=\"https:\/\/pharmatida.com.tr\/wp-content\/uploads\/2026\/03\/dvit-300x200.webp\" class=\"attachment-medium size-medium wp-image-2853\" alt=\"\" srcset=\"https:\/\/pharmatida.com.tr\/wp-content\/uploads\/2026\/03\/dvit-300x200.webp 300w, https:\/\/pharmatida.com.tr\/wp-content\/uploads\/2026\/03\/dvit-1024x683.webp 1024w, https:\/\/pharmatida.com.tr\/wp-content\/uploads\/2026\/03\/dvit-768x512.webp 768w, https:\/\/pharmatida.com.tr\/wp-content\/uploads\/2026\/03\/dvit-600x400.webp 600w, https:\/\/pharmatida.com.tr\/wp-content\/uploads\/2026\/03\/dvit.webp 1536w\" sizes=\"(max-width: 300px) 100vw, 300px\" \/><\/div><\/a>\n\t\t\t\t<div class=\"elementor-post__text\">\n\t\t\t\t<h3 class=\"elementor-post__title\">\n\t\t\t<a href=\"https:\/\/pharmatida.com.tr\/en\/d-vitamini-nedir\/\" >\n\t\t\t\tWhat Is Vitamin D? The Difference Between Vitamins D3 and K2 and the Importance of Using Them Together\t\t\t<\/a>\n\t\t<\/h3>\n\t\t\t\t<div class=\"elementor-post__excerpt\">\n\t\t\t<p>Vitamin D is one of the fat-soluble vitamins that are vital for human health. It plays a particularly important role in bone health, the immune system, muscle function, and\u2026<\/p>\n\t\t<\/div>\n\t\t\n\t\t<a class=\"elementor-post__read-more\" href=\"https:\/\/pharmatida.com.tr\/en\/d-vitamini-nedir\/\" aria-label=\"Read more about D Vitamini Nedir? D3 ve K2 Vitaminleri Aras\u0131ndaki Fark ve Birlikte Kullan\u0131m\u0131n \u00d6nemi\" tabindex=\"-1\" >\n\t\t\tRead More\t\t<\/a>\n\n\t\t\t\t<\/div>\n\t\t\t\t<div class=\"elementor-post__meta-data\">\n\t\t\t\t\t<span class=\"elementor-post-date\">\n\t\t\t13 March 2026\t\t<\/span>\n\t\t\t\t<span class=\"elementor-post-avatar\">\n\t\t\tNo Comments\t\t<\/span>\n\t\t\t\t<\/div>\n\t\t\t\t\t<\/div>\n\t\t<\/article>\n\t\t\t\t<article class=\"elementor-post elementor-grid-item post-2840 post type-post status-publish format-standard has-post-thumbnail hentry category-genel\" role=\"listitem\">\n\t\t\t<div class=\"elementor-post__card\">\n\t\t\t\t<a class=\"elementor-post__thumbnail__link\" href=\"https:\/\/pharmatida.com.tr\/en\/magnezyum-nedir\/\" tabindex=\"-1\" ><div class=\"elementor-post__thumbnail\"><img loading=\"lazy\" decoding=\"async\" width=\"300\" height=\"200\" src=\"https:\/\/pharmatida.com.tr\/wp-content\/uploads\/2026\/03\/mag-300x200.webp\" class=\"attachment-medium size-medium wp-image-2854\" alt=\"\" srcset=\"https:\/\/pharmatida.com.tr\/wp-content\/uploads\/2026\/03\/mag-300x200.webp 300w, https:\/\/pharmatida.com.tr\/wp-content\/uploads\/2026\/03\/mag-1024x683.webp 1024w, https:\/\/pharmatida.com.tr\/wp-content\/uploads\/2026\/03\/mag-768x512.webp 768w, https:\/\/pharmatida.com.tr\/wp-content\/uploads\/2026\/03\/mag-600x400.webp 600w, https:\/\/pharmatida.com.tr\/wp-content\/uploads\/2026\/03\/mag.webp 1536w\" sizes=\"(max-width: 300px) 100vw, 300px\" \/><\/div><\/a>\n\t\t\t\t<div class=\"elementor-post__text\">\n\t\t\t\t<h3 class=\"elementor-post__title\">\n\t\t\t<a href=\"https:\/\/pharmatida.com.tr\/en\/magnezyum-nedir\/\" >\n\t\t\t\tWhat Is Magnesium? What Does It Do in the Body and Why Are Multiple Forms of Magnesium Used?\t\t\t<\/a>\n\t\t<\/h3>\n\t\t\t\t<div class=\"elementor-post__excerpt\">\n\t\t\t<p>Magnesium is one of the essential minerals for the human body and plays a role in more than 300 biochemical reactions. From nervous system functions to muscle\u2026<\/p>\n\t\t<\/div>\n\t\t\n\t\t<a class=\"elementor-post__read-more\" href=\"https:\/\/pharmatida.com.tr\/en\/magnezyum-nedir\/\" aria-label=\"Read more about Magnezyum Nedir? V\u00fccutta Ne \u0130\u015fe Yarar ve Neden Birden Fazla Magnezyum Formu Kullan\u0131l\u0131r?\" tabindex=\"-1\" >\n\t\t\tRead More\t\t<\/a>\n\n\t\t\t\t<\/div>\n\t\t\t\t<div class=\"elementor-post__meta-data\">\n\t\t\t\t\t<span class=\"elementor-post-date\">\n\t\t\t13 March 2026\t\t<\/span>\n\t\t\t\t<span class=\"elementor-post-avatar\">\n\t\t\tNo Comments\t\t<\/span>\n\t\t\t\t<\/div>\n\t\t\t\t\t<\/div>\n\t\t<\/article>\n\t\t\t\t<article class=\"elementor-post elementor-grid-item post-2837 post type-post status-publish format-standard has-post-thumbnail hentry category-genel\" role=\"listitem\">\n\t\t\t<div class=\"elementor-post__card\">\n\t\t\t\t<a class=\"elementor-post__thumbnail__link\" href=\"https:\/\/pharmatida.com.tr\/en\/omega-3-nedir\/\" tabindex=\"-1\" ><div class=\"elementor-post__thumbnail\"><img loading=\"lazy\" decoding=\"async\" width=\"300\" height=\"200\" src=\"https:\/\/pharmatida.com.tr\/wp-content\/uploads\/2026\/03\/omega3-300x200.webp\" class=\"attachment-medium size-medium wp-image-2838\" alt=\"\" srcset=\"https:\/\/pharmatida.com.tr\/wp-content\/uploads\/2026\/03\/omega3-300x200.webp 300w, https:\/\/pharmatida.com.tr\/wp-content\/uploads\/2026\/03\/omega3-1024x683.webp 1024w, https:\/\/pharmatida.com.tr\/wp-content\/uploads\/2026\/03\/omega3-768x512.webp 768w, https:\/\/pharmatida.com.tr\/wp-content\/uploads\/2026\/03\/omega3-600x400.webp 600w, https:\/\/pharmatida.com.tr\/wp-content\/uploads\/2026\/03\/omega3.webp 1536w\" sizes=\"(max-width: 300px) 100vw, 300px\" \/><\/div><\/a>\n\t\t\t\t<div class=\"elementor-post__text\">\n\t\t\t\t<h3 class=\"elementor-post__title\">\n\t\t\t<a href=\"https:\/\/pharmatida.com.tr\/en\/omega-3-nedir\/\" >\n\t\t\t\tWhat Is Omega-3? How Do Fish Oil and Astaxanthin Work in the Body?\t\t\t<\/a>\n\t\t<\/h3>\n\t\t\t\t<div class=\"elementor-post__excerpt\">\n\t\t\t<p>Omega-3 fatty acids are among the most important essential fatty acids for human health. They play a particularly important role in heart health, brain function, inflammation control, and\u2026<\/p>\n\t\t<\/div>\n\t\t\n\t\t<a class=\"elementor-post__read-more\" href=\"https:\/\/pharmatida.com.tr\/en\/omega-3-nedir\/\" aria-label=\"Read more about Omega-3 Nedir? Bal\u0131k Ya\u011f\u0131 ve Astaksantin V\u00fccutta Nas\u0131l Etki G\u00f6sterir?\" tabindex=\"-1\" >\n\t\t\tRead More\t\t<\/a>\n\n\t\t\t\t<\/div>\n\t\t\t\t<div class=\"elementor-post__meta-data\">\n\t\t\t\t\t<span class=\"elementor-post-date\">\n\t\t\t13 March 2026\t\t<\/span>\n\t\t\t\t<span class=\"elementor-post-avatar\">\n\t\t\tNo Comments\t\t<\/span>\n\t\t\t\t<\/div>\n\t\t\t\t\t<\/div>\n\t\t<\/article>\n\t\t\t\t<article class=\"elementor-post elementor-grid-item post-2833 post type-post status-publish format-standard has-post-thumbnail hentry category-genel\" role=\"listitem\">\n\t\t\t<div class=\"elementor-post__card\">\n\t\t\t\t<a class=\"elementor-post__thumbnail__link\" href=\"https:\/\/pharmatida.com.tr\/en\/nad-nedir\/\" tabindex=\"-1\" ><div class=\"elementor-post__thumbnail\"><img loading=\"lazy\" decoding=\"async\" width=\"300\" height=\"200\" src=\"https:\/\/pharmatida.com.tr\/wp-content\/uploads\/2026\/03\/nad-300x200.webp\" class=\"attachment-medium size-medium wp-image-2834\" alt=\"\" srcset=\"https:\/\/pharmatida.com.tr\/wp-content\/uploads\/2026\/03\/nad-300x200.webp 300w, https:\/\/pharmatida.com.tr\/wp-content\/uploads\/2026\/03\/nad-1024x683.webp 1024w, https:\/\/pharmatida.com.tr\/wp-content\/uploads\/2026\/03\/nad-768x512.webp 768w, https:\/\/pharmatida.com.tr\/wp-content\/uploads\/2026\/03\/nad-600x400.webp 600w, https:\/\/pharmatida.com.tr\/wp-content\/uploads\/2026\/03\/nad.webp 1536w\" sizes=\"(max-width: 300px) 100vw, 300px\" \/><\/div><\/a>\n\t\t\t\t<div class=\"elementor-post__text\">\n\t\t\t\t<h3 class=\"elementor-post__title\">\n\t\t\t<a href=\"https:\/\/pharmatida.com.tr\/en\/nad-nedir\/\" >\n\t\t\t\tWhat Is NAD? Its Role in the Body and the Importance of the NR, NMN, and Resveratrol Combination\t\t\t<\/a>\n\t\t<\/h3>\n\t\t\t\t<div class=\"elementor-post__excerpt\">\n\t\t\t<p>In recent years, one of the most discussed molecules in longevity and cellular youth research has been NAD+ (Nicotinamide Adenine Dinucleotide). In the scientific community\u2026<\/p>\n\t\t<\/div>\n\t\t\n\t\t<a class=\"elementor-post__read-more\" href=\"https:\/\/pharmatida.com.tr\/en\/nad-nedir\/\" aria-label=\"Read more about NAD Nedir? V\u00fccuttaki Rol\u00fc ve NR, NMN, Resveratrol Kombinasyonunun \u00d6nemi\" tabindex=\"-1\" >\n\t\t\tRead More\t\t<\/a>\n\n\t\t\t\t<\/div>\n\t\t\t\t<div class=\"elementor-post__meta-data\">\n\t\t\t\t\t<span class=\"elementor-post-date\">\n\t\t\t13 March 2026\t\t<\/span>\n\t\t\t\t<span class=\"elementor-post-avatar\">\n\t\t\tNo Comments\t\t<\/span>\n\t\t\t\t<\/div>\n\t\t\t\t\t<\/div>\n\t\t<\/article>\n\t\t\t\t<\/div>\n\t\t\n\t\t\t\t\t\t<\/div>\n\t\t\t\t<\/div>\n\t\t\t\t\t<\/div>\n\t\t\t\t<\/div>\n\t\t\t\t<\/div>","protected":false},"excerpt":{"rendered":"","protected":false},"author":1,"featured_media":0,"parent":0,"menu_order":0,"comment_status":"closed","ping_status":"closed","template":"","meta":{"postBodyCss":"","postBodyMargin":[],"postBodyPadding":[],"postBodyBackground":{"backgroundType":"classic","gradient":""},"site-sidebar-layout":"no-sidebar","site-content-layout":"","ast-site-content-layout":"full-width-container","site-content-style":"default","site-sidebar-style":"default","ast-global-header-display":"","ast-banner-title-visibility":"","ast-main-header-display":"","ast-hfb-above-header-display":"","ast-hfb-below-header-display":"","ast-hfb-mobile-header-display":"","site-post-title":"disabled","ast-breadcrumbs-content":"","ast-featured-img":"disabled","footer-sml-layout":"","ast-disable-related-posts":"","theme-transparent-header-meta":"","adv-header-id-meta":"","stick-header-meta":"","header-above-stick-meta":"","header-main-stick-meta":"","header-below-stick-meta":"","astra-migrate-meta-layouts":"default","ast-page-background-enabled":"default","ast-page-background-meta":{"desktop":{"background-color":"var(--ast-global-color-5)","background-image":"","background-repeat":"repeat","background-position":"center center","background-size":"auto","background-attachment":"scroll","background-type":"","background-media":"","overlay-type":"","overlay-color":"","overlay-opacity":"","overlay-gradient":""},"tablet":{"background-color":"","background-image":"","background-repeat":"repeat","background-position":"center center","background-size":"auto","background-attachment":"scroll","background-type":"","background-media":"","overlay-type":"","overlay-color":"","overlay-opacity":"","overlay-gradient":""},"mobile":{"background-color":"","background-image":"","background-repeat":"repeat","background-position":"center center","background-size":"auto","background-attachment":"scroll","background-type":"","background-media":"","overlay-type":"","overlay-color":"","overlay-opacity":"","overlay-gradient":""}},"ast-content-background-meta":{"desktop":{"background-color":"var(--ast-global-color-4)","background-image":"","background-repeat":"repeat","background-position":"center center","background-size":"auto","background-attachment":"scroll","background-type":"","background-media":"","overlay-type":"","overlay-color":"","overlay-opacity":"","overlay-gradient":""},"tablet":{"background-color":"var(--ast-global-color-4)","background-image":"","background-repeat":"repeat","background-position":"center center","background-size":"auto","background-attachment":"scroll","background-type":"","background-media":"","overlay-type":"","overlay-color":"","overlay-opacity":"","overlay-gradient":""},"mobile":{"background-color":"var(--ast-global-color-4)","background-image":"","background-repeat":"repeat","background-position":"center center","background-size":"auto","background-attachment":"scroll","background-type":"","background-media":"","overlay-type":"","overlay-color":"","overlay-opacity":"","overlay-gradient":""}},"footnotes":""},"class_list":["post-2544","page","type-page","status-publish","hentry"],"yoast_head":"<!-- This site is optimized with the Yoast SEO plugin v26.6 - https:\/\/yoast.com\/wordpress\/plugins\/seo\/ -->\n<title>Blog - Pharmatida Sa\u011fl\u0131k ve Besin Takviyeleri Blogu<\/title>\n<meta name=\"description\" content=\"Sa\u011fl\u0131k, vitamin ve besin takviyeleri hakk\u0131nda uzman i\u00e7erikler Pharmatida Blog\u2019da. Do\u011fru \u00fcr\u00fcn\u00fc se\u00e7menize yard\u0131mc\u0131 rehberleri ke\u015ffedin.\" \/>\n<meta name=\"robots\" content=\"index, follow, max-snippet:-1, max-image-preview:large, max-video-preview:-1\" \/>\n<link rel=\"canonical\" href=\"https:\/\/pharmatida.com.tr\/en\/blog\/\" \/>\n<meta property=\"og:locale\" content=\"en_US\" \/>\n<meta property=\"og:type\" content=\"article\" \/>\n<meta property=\"og:title\" content=\"Blog - Pharmatida Sa\u011fl\u0131k ve Besin Takviyeleri Blogu\" \/>\n<meta property=\"og:description\" content=\"Sa\u011fl\u0131k, vitamin ve besin takviyeleri hakk\u0131nda uzman i\u00e7erikler Pharmatida Blog\u2019da. Do\u011fru \u00fcr\u00fcn\u00fc se\u00e7menize yard\u0131mc\u0131 rehberleri ke\u015ffedin.\" \/>\n<meta property=\"og:url\" content=\"https:\/\/pharmatida.com.tr\/en\/blog\/\" \/>\n<meta property=\"og:site_name\" content=\"Pharmatida\" \/>\n<meta property=\"article:modified_time\" content=\"2026-04-24T15:28:23+00:00\" \/>\n<meta name=\"twitter:card\" content=\"summary_large_image\" \/>\n<meta name=\"twitter:label1\" content=\"Est. reading time\" \/>\n\t<meta name=\"twitter:data1\" content=\"5 minutes\" \/>\n<script type=\"application\/ld+json\" class=\"yoast-schema-graph\">{\"@context\":\"https:\/\/schema.org\",\"@graph\":[{\"@type\":\"WebPage\",\"@id\":\"https:\/\/pharmatida.com.tr\/blog\/\",\"url\":\"https:\/\/pharmatida.com.tr\/blog\/\",\"name\":\"Blog - Pharmatida Sa\u011fl\u0131k ve Besin Takviyeleri Blogu\",\"isPartOf\":{\"@id\":\"https:\/\/pharmatida.com.tr\/tr\/#website\"},\"datePublished\":\"2026-01-14T06:46:49+00:00\",\"dateModified\":\"2026-04-24T15:28:23+00:00\",\"description\":\"Sa\u011fl\u0131k, vitamin ve besin takviyeleri hakk\u0131nda uzman i\u00e7erikler Pharmatida Blog\u2019da. Do\u011fru \u00fcr\u00fcn\u00fc se\u00e7menize yard\u0131mc\u0131 rehberleri ke\u015ffedin.\",\"breadcrumb\":{\"@id\":\"https:\/\/pharmatida.com.tr\/blog\/#breadcrumb\"},\"inLanguage\":\"en-US\",\"potentialAction\":[{\"@type\":\"ReadAction\",\"target\":[\"https:\/\/pharmatida.com.tr\/blog\/\"]}]},{\"@type\":\"BreadcrumbList\",\"@id\":\"https:\/\/pharmatida.com.tr\/blog\/#breadcrumb\",\"itemListElement\":[{\"@type\":\"ListItem\",\"position\":1,\"name\":\"Ana Sayfa\",\"item\":\"https:\/\/pharmatida.com.tr\/tr\/\"},{\"@type\":\"ListItem\",\"position\":2,\"name\":\"Blog\"}]},{\"@type\":\"WebSite\",\"@id\":\"https:\/\/pharmatida.com.tr\/tr\/#website\",\"url\":\"https:\/\/pharmatida.com.tr\/tr\/\",\"name\":\"Pharmatida\",\"description\":\"\",\"publisher\":{\"@id\":\"https:\/\/pharmatida.com.tr\/tr\/#organization\"},\"potentialAction\":[{\"@type\":\"SearchAction\",\"target\":{\"@type\":\"EntryPoint\",\"urlTemplate\":\"https:\/\/pharmatida.com.tr\/tr\/?s={search_term_string}\"},\"query-input\":{\"@type\":\"PropertyValueSpecification\",\"valueRequired\":true,\"valueName\":\"search_term_string\"}}],\"inLanguage\":\"en-US\"},{\"@type\":\"Organization\",\"@id\":\"https:\/\/pharmatida.com.tr\/tr\/#organization\",\"name\":\"Pharmatida\",\"url\":\"https:\/\/pharmatida.com.tr\/tr\/\",\"logo\":{\"@type\":\"ImageObject\",\"inLanguage\":\"en-US\",\"@id\":\"https:\/\/pharmatida.com.tr\/tr\/#\/schema\/logo\/image\/\",\"url\":\"https:\/\/pharmatida.com.tr\/wp-content\/uploads\/2025\/12\/pharmatida-koyu-lacivert-SON-HALI-YAN-LOGO-2.pdf-Photoroom-1.webp\",\"contentUrl\":\"https:\/\/pharmatida.com.tr\/wp-content\/uploads\/2025\/12\/pharmatida-koyu-lacivert-SON-HALI-YAN-LOGO-2.pdf-Photoroom-1.webp\",\"width\":300,\"height\":78,\"caption\":\"Pharmatida\"},\"image\":{\"@id\":\"https:\/\/pharmatida.com.tr\/tr\/#\/schema\/logo\/image\/\"}}]}<\/script>\n<!-- \/ Yoast SEO plugin. -->","yoast_head_json":{"title":"Blog - Pharmatida Sa\u011fl\u0131k ve Besin Takviyeleri Blogu","description":"Sa\u011fl\u0131k, vitamin ve besin takviyeleri hakk\u0131nda uzman i\u00e7erikler Pharmatida Blog\u2019da. Do\u011fru \u00fcr\u00fcn\u00fc se\u00e7menize yard\u0131mc\u0131 rehberleri ke\u015ffedin.","robots":{"index":"index","follow":"follow","max-snippet":"max-snippet:-1","max-image-preview":"max-image-preview:large","max-video-preview":"max-video-preview:-1"},"canonical":"https:\/\/pharmatida.com.tr\/en\/blog\/","og_locale":"en_US","og_type":"article","og_title":"Blog - Pharmatida Sa\u011fl\u0131k ve Besin Takviyeleri Blogu","og_description":"Sa\u011fl\u0131k, vitamin ve besin takviyeleri hakk\u0131nda uzman i\u00e7erikler Pharmatida Blog\u2019da. Do\u011fru \u00fcr\u00fcn\u00fc se\u00e7menize yard\u0131mc\u0131 rehberleri ke\u015ffedin.","og_url":"https:\/\/pharmatida.com.tr\/en\/blog\/","og_site_name":"Pharmatida","article_modified_time":"2026-04-24T15:28:23+00:00","twitter_card":"summary_large_image","twitter_misc":{"Est. reading time":"5 minutes"},"schema":{"@context":"https:\/\/schema.org","@graph":[{"@type":"WebPage","@id":"https:\/\/pharmatida.com.tr\/blog\/","url":"https:\/\/pharmatida.com.tr\/blog\/","name":"Blog - Pharmatida Sa\u011fl\u0131k ve Besin Takviyeleri Blogu","isPartOf":{"@id":"https:\/\/pharmatida.com.tr\/tr\/#website"},"datePublished":"2026-01-14T06:46:49+00:00","dateModified":"2026-04-24T15:28:23+00:00","description":"Sa\u011fl\u0131k, vitamin ve besin takviyeleri hakk\u0131nda uzman i\u00e7erikler Pharmatida Blog\u2019da. Do\u011fru \u00fcr\u00fcn\u00fc se\u00e7menize yard\u0131mc\u0131 rehberleri ke\u015ffedin.","breadcrumb":{"@id":"https:\/\/pharmatida.com.tr\/blog\/#breadcrumb"},"inLanguage":"en-US","potentialAction":[{"@type":"ReadAction","target":["https:\/\/pharmatida.com.tr\/blog\/"]}]},{"@type":"BreadcrumbList","@id":"https:\/\/pharmatida.com.tr\/blog\/#breadcrumb","itemListElement":[{"@type":"ListItem","position":1,"name":"Ana Sayfa","item":"https:\/\/pharmatida.com.tr\/tr\/"},{"@type":"ListItem","position":2,"name":"Blog"}]},{"@type":"WebSite","@id":"https:\/\/pharmatida.com.tr\/tr\/#website","url":"https:\/\/pharmatida.com.tr\/tr\/","name":"Pharmatida","description":"","publisher":{"@id":"https:\/\/pharmatida.com.tr\/tr\/#organization"},"potentialAction":[{"@type":"SearchAction","target":{"@type":"EntryPoint","urlTemplate":"https:\/\/pharmatida.com.tr\/tr\/?s={search_term_string}"},"query-input":{"@type":"PropertyValueSpecification","valueRequired":true,"valueName":"search_term_string"}}],"inLanguage":"en-US"},{"@type":"Organization","@id":"https:\/\/pharmatida.com.tr\/tr\/#organization","name":"Pharmatida","url":"https:\/\/pharmatida.com.tr\/tr\/","logo":{"@type":"ImageObject","inLanguage":"en-US","@id":"https:\/\/pharmatida.com.tr\/tr\/#\/schema\/logo\/image\/","url":"https:\/\/pharmatida.com.tr\/wp-content\/uploads\/2025\/12\/pharmatida-koyu-lacivert-SON-HALI-YAN-LOGO-2.pdf-Photoroom-1.webp","contentUrl":"https:\/\/pharmatida.com.tr\/wp-content\/uploads\/2025\/12\/pharmatida-koyu-lacivert-SON-HALI-YAN-LOGO-2.pdf-Photoroom-1.webp","width":300,"height":78,"caption":"Pharmatida"},"image":{"@id":"https:\/\/pharmatida.com.tr\/tr\/#\/schema\/logo\/image\/"}}]}},"_links":{"self":[{"href":"https:\/\/pharmatida.com.tr\/en\/wp-json\/wp\/v2\/pages\/2544","targetHints":{"allow":["GET"]}}],"collection":[{"href":"https:\/\/pharmatida.com.tr\/en\/wp-json\/wp\/v2\/pages"}],"about":[{"href":"https:\/\/pharmatida.com.tr\/en\/wp-json\/wp\/v2\/types\/page"}],"author":[{"embeddable":true,"href":"https:\/\/pharmatida.com.tr\/en\/wp-json\/wp\/v2\/users\/1"}],"replies":[{"embeddable":true,"href":"https:\/\/pharmatida.com.tr\/en\/wp-json\/wp\/v2\/comments?post=2544"}],"version-history":[{"count":65,"href":"https:\/\/pharmatida.com.tr\/en\/wp-json\/wp\/v2\/pages\/2544\/revisions"}],"predecessor-version":[{"id":3953,"href":"https:\/\/pharmatida.com.tr\/en\/wp-json\/wp\/v2\/pages\/2544\/revisions\/3953"}],"wp:attachment":[{"href":"https:\/\/pharmatida.com.tr\/en\/wp-json\/wp\/v2\/media?parent=2544"}],"curies":[{"name":"wp","href":"https:\/\/api.w.org\/{rel}","templated":true}]}}